{"id":6730,"date":"2026-02-12T14:26:26","date_gmt":"2026-02-12T13:26:26","guid":{"rendered":"https:\/\/geosas.fr\/web\/?page_id=6730"},"modified":"2026-03-04T16:16:33","modified_gmt":"2026-03-04T15:16:33","slug":"les-observatoires-de-geosas","status":"publish","type":"page","link":"https:\/\/geosas.fr\/web\/?page_id=6730","title":{"rendered":"Les Observatoires de l&rsquo;UMR SAS"},"content":{"rendered":"\n<p>Voici une vue synth\u00e9tique des observatoires de recherche port\u00e9s par l&rsquo;UMR SAS et qui mobilisent  les services de G\u00e9oSAS pour diffuser les diff\u00e9rents types de donn\u00e9es qu&rsquo;ils produisent. En fonction des observatoires, vous trouverez ici des liens vers :<\/p>\n\n\n\n<ul class=\"wp-block-list\">\n<li><figure><img decoding=\"async\" height=\"100\" style=\"flex-shrink:0;\" src=\"https:\/\/geosas.fr\/web\/wp-content\/uploads\/2026\/02\/donnees.png\"> les fiches de <b>m\u00e9tadonn\u00e9es<\/b> correspondant aux donn\u00e9es et aux services publi\u00e9s<\/figure><\/li>\n<\/ul>\n\n\n\n<ul class=\"wp-block-list\">\n<li><figure><img decoding=\"async\" height=\"100\" style=\"flex-shrink:0;\" src=\"https:\/\/geosas.fr\/web\/wp-content\/uploads\/2026\/02\/cartes.png\"> les portails de visualisation et d&rsquo;interrogation des <b>donn\u00e9es cartographiques<\/b><\/figure><\/li>\n<\/ul>\n\n\n\n<ul class=\"wp-block-list\">\n<li><figure><img decoding=\"async\" height=\"100\" style=\"flex-shrink:0;\" src=\"https:\/\/geosas.fr\/web\/wp-content\/uploads\/2026\/02\/chroniques.png\"> les portails de d\u00e9couverte, de visualisation et de t\u00e9l\u00e9chargement des <b>donn\u00e9es temporelles<\/b><\/figure><\/li>\n<\/ul>\n\n\n<div\n\t\t\t\n\t\t\tclass=\"so-widget-sow-headline so-widget-sow-headline-default-59304b88a5a7\"\n\t\t\t\n\t\t><div class=\"sow-headline-container \">\n\t\t\t\t\t\t<div class=\"decoration\">\n\t\t\t\t\t\t<div class=\"decoration-inside\"><\/div>\n\t\t\t\t\t<\/div>\n\t\t\t\t\t<\/div>\n<\/div>\n\n\n<div class=\"textwidget custom-html-widget\"><iframe src=\"https:\/\/geosas.fr\/catalogue-web\/observatoires.html\"  scrolling=\"no\" style=\" width: 550px; height: 5000px;  overflow: hidden;\" ><\/iframe><\/div>\n","protected":false},"excerpt":{"rendered":"<p>Voici une vue synth\u00e9tique des observatoires de recherche port\u00e9s par l&rsquo;UMR SAS et qui mobilisent les services de G\u00e9oSAS pour diffuser les diff\u00e9rents types de &hellip; <\/p>\n","protected":false},"author":1,"featured_media":0,"parent":0,"menu_order":0,"comment_status":"closed","ping_status":"closed","template":"","meta":{"footnotes":""},"class_list":["post-6730","page","type-page","status-publish","hentry"],"yoast_head":"<!-- This site is optimized with the Yoast SEO plugin v24.7 - https:\/\/yoast.com\/wordpress\/plugins\/seo\/ -->\n<title>Les Observatoires de l&#039;UMR SAS - G\u00e9oSAS<\/title>\n<meta name=\"description\" content=\"L&#039;UMR SAS acquiert de nombreuses observations sur les sols, l&#039;eau et les syst\u00e8mes agricoles. depuis plusieurs dizaines d&#039;ann\u00e9es. Les observatoires de recherche labellis\u00e9s ou non, diffusent ces donn\u00e9es via les outils et services de G\u00e9oSAS.\" \/>\n<meta name=\"robots\" content=\"index, follow, max-snippet:-1, max-image-preview:large, max-video-preview:-1\" \/>\n<link rel=\"canonical\" href=\"https:\/\/geosas.fr\/web\/?page_id=6730\" \/>\n<meta property=\"og:locale\" content=\"fr_FR\" \/>\n<meta property=\"og:type\" content=\"article\" \/>\n<meta property=\"og:title\" content=\"Les Observatoires de l&#039;UMR SAS - G\u00e9oSAS\" \/>\n<meta property=\"og:description\" content=\"L&#039;UMR SAS acquiert de nombreuses observations sur les sols, l&#039;eau et les syst\u00e8mes agricoles. depuis plusieurs dizaines d&#039;ann\u00e9es. Les observatoires de recherche labellis\u00e9s ou non, diffusent ces donn\u00e9es via les outils et services de G\u00e9oSAS.\" \/>\n<meta property=\"og:url\" content=\"https:\/\/geosas.fr\/web\/?page_id=6730\" \/>\n<meta property=\"og:site_name\" content=\"G\u00e9oSAS\" \/>\n<meta property=\"article:modified_time\" content=\"2026-03-04T15:16:33+00:00\" \/>\n<meta property=\"og:image\" content=\"https:\/\/geosas.fr\/web\/wp-content\/uploads\/2026\/02\/donnees.png\" \/>\n<meta name=\"twitter:card\" content=\"summary_large_image\" \/>\n<meta name=\"twitter:label1\" content=\"Est. reading time\" \/>\n\t<meta name=\"twitter:data1\" content=\"1 minute\" \/>\n<script type=\"application\/ld+json\" class=\"yoast-schema-graph\">{\"@context\":\"https:\/\/schema.org\",\"@graph\":[{\"@type\":\"WebPage\",\"@id\":\"https:\/\/geosas.fr\/web\/?page_id=6730\",\"url\":\"https:\/\/geosas.fr\/web\/?page_id=6730\",\"name\":\"Les Observatoires de l'UMR SAS - G\u00e9oSAS\",\"isPartOf\":{\"@id\":\"https:\/\/geosas.fr\/web\/#website\"},\"primaryImageOfPage\":{\"@id\":\"https:\/\/geosas.fr\/web\/?page_id=6730#primaryimage\"},\"image\":{\"@id\":\"https:\/\/geosas.fr\/web\/?page_id=6730#primaryimage\"},\"thumbnailUrl\":\"https:\/\/geosas.fr\/web\/wp-content\/uploads\/2026\/02\/donnees.png\",\"datePublished\":\"2026-02-12T13:26:26+00:00\",\"dateModified\":\"2026-03-04T15:16:33+00:00\",\"description\":\"L'UMR SAS acquiert de nombreuses observations sur les sols, l'eau et les syst\u00e8mes agricoles. depuis plusieurs dizaines d'ann\u00e9es. Les observatoires de recherche labellis\u00e9s ou non, diffusent ces donn\u00e9es via les outils et services de G\u00e9oSAS.\",\"breadcrumb\":{\"@id\":\"https:\/\/geosas.fr\/web\/?page_id=6730#breadcrumb\"},\"inLanguage\":\"fr-FR\",\"potentialAction\":[{\"@type\":\"ReadAction\",\"target\":[\"https:\/\/geosas.fr\/web\/?page_id=6730\"]}]},{\"@type\":\"ImageObject\",\"inLanguage\":\"fr-FR\",\"@id\":\"https:\/\/geosas.fr\/web\/?page_id=6730#primaryimage\",\"url\":\"https:\/\/geosas.fr\/web\/wp-content\/uploads\/2026\/02\/donnees.png\",\"contentUrl\":\"https:\/\/geosas.fr\/web\/wp-content\/uploads\/2026\/02\/donnees.png\",\"width\":90,\"height\":61},{\"@type\":\"BreadcrumbList\",\"@id\":\"https:\/\/geosas.fr\/web\/?page_id=6730#breadcrumb\",\"itemListElement\":[{\"@type\":\"ListItem\",\"position\":1,\"name\":\"Home\",\"item\":\"https:\/\/geosas.fr\/web\/\"},{\"@type\":\"ListItem\",\"position\":2,\"name\":\"Les Observatoires de l&rsquo;UMR SAS\"}]},{\"@type\":\"WebSite\",\"@id\":\"https:\/\/geosas.fr\/web\/#website\",\"url\":\"https:\/\/geosas.fr\/web\/\",\"name\":\"G\u00e9oSAS\",\"description\":\"Portail de l&#039;information g\u00e9ographique de l&#039;UMR SAS - INRAE - Institut Agro\",\"publisher\":{\"@id\":\"https:\/\/geosas.fr\/web\/#organization\"},\"potentialAction\":[{\"@type\":\"SearchAction\",\"target\":{\"@type\":\"EntryPoint\",\"urlTemplate\":\"https:\/\/geosas.fr\/web\/?s={search_term_string}\"},\"query-input\":{\"@type\":\"PropertyValueSpecification\",\"valueRequired\":true,\"valueName\":\"search_term_string\"}}],\"inLanguage\":\"fr-FR\"},{\"@type\":\"Organization\",\"@id\":\"https:\/\/geosas.fr\/web\/#organization\",\"name\":\"G\u00e9oSAS\",\"url\":\"https:\/\/geosas.fr\/web\/\",\"logo\":{\"@type\":\"ImageObject\",\"inLanguage\":\"fr-FR\",\"@id\":\"https:\/\/geosas.fr\/web\/#\/schema\/logo\/image\/\",\"url\":\"https:\/\/geosas.fr\/web\/wp-content\/uploads\/2021\/03\/cropped-Moyen-logo-BleuF-2.png\",\"contentUrl\":\"https:\/\/geosas.fr\/web\/wp-content\/uploads\/2021\/03\/cropped-Moyen-logo-BleuF-2.png\",\"width\":358,\"height\":90,\"caption\":\"G\u00e9oSAS\"},\"image\":{\"@id\":\"https:\/\/geosas.fr\/web\/#\/schema\/logo\/image\/\"}}]}<\/script>\n<!-- \/ Yoast SEO plugin. -->","yoast_head_json":{"title":"Les Observatoires de l'UMR SAS - G\u00e9oSAS","description":"L'UMR SAS acquiert de nombreuses observations sur les sols, l'eau et les syst\u00e8mes agricoles. depuis plusieurs dizaines d'ann\u00e9es. Les observatoires de recherche labellis\u00e9s ou non, diffusent ces donn\u00e9es via les outils et services de G\u00e9oSAS.","robots":{"index":"index","follow":"follow","max-snippet":"max-snippet:-1","max-image-preview":"max-image-preview:large","max-video-preview":"max-video-preview:-1"},"canonical":"https:\/\/geosas.fr\/web\/?page_id=6730","og_locale":"fr_FR","og_type":"article","og_title":"Les Observatoires de l'UMR SAS - G\u00e9oSAS","og_description":"L'UMR SAS acquiert de nombreuses observations sur les sols, l'eau et les syst\u00e8mes agricoles. depuis plusieurs dizaines d'ann\u00e9es. Les observatoires de recherche labellis\u00e9s ou non, diffusent ces donn\u00e9es via les outils et services de G\u00e9oSAS.","og_url":"https:\/\/geosas.fr\/web\/?page_id=6730","og_site_name":"G\u00e9oSAS","article_modified_time":"2026-03-04T15:16:33+00:00","og_image":[{"url":"https:\/\/geosas.fr\/web\/wp-content\/uploads\/2026\/02\/donnees.png","type":"","width":"","height":""}],"twitter_card":"summary_large_image","twitter_misc":{"Est. reading time":"1 minute"},"schema":{"@context":"https:\/\/schema.org","@graph":[{"@type":"WebPage","@id":"https:\/\/geosas.fr\/web\/?page_id=6730","url":"https:\/\/geosas.fr\/web\/?page_id=6730","name":"Les Observatoires de l'UMR SAS - G\u00e9oSAS","isPartOf":{"@id":"https:\/\/geosas.fr\/web\/#website"},"primaryImageOfPage":{"@id":"https:\/\/geosas.fr\/web\/?page_id=6730#primaryimage"},"image":{"@id":"https:\/\/geosas.fr\/web\/?page_id=6730#primaryimage"},"thumbnailUrl":"https:\/\/geosas.fr\/web\/wp-content\/uploads\/2026\/02\/donnees.png","datePublished":"2026-02-12T13:26:26+00:00","dateModified":"2026-03-04T15:16:33+00:00","description":"L'UMR SAS acquiert de nombreuses observations sur les sols, l'eau et les syst\u00e8mes agricoles. depuis plusieurs dizaines d'ann\u00e9es. Les observatoires de recherche labellis\u00e9s ou non, diffusent ces donn\u00e9es via les outils et services de G\u00e9oSAS.","breadcrumb":{"@id":"https:\/\/geosas.fr\/web\/?page_id=6730#breadcrumb"},"inLanguage":"fr-FR","potentialAction":[{"@type":"ReadAction","target":["https:\/\/geosas.fr\/web\/?page_id=6730"]}]},{"@type":"ImageObject","inLanguage":"fr-FR","@id":"https:\/\/geosas.fr\/web\/?page_id=6730#primaryimage","url":"https:\/\/geosas.fr\/web\/wp-content\/uploads\/2026\/02\/donnees.png","contentUrl":"https:\/\/geosas.fr\/web\/wp-content\/uploads\/2026\/02\/donnees.png","width":90,"height":61},{"@type":"BreadcrumbList","@id":"https:\/\/geosas.fr\/web\/?page_id=6730#breadcrumb","itemListElement":[{"@type":"ListItem","position":1,"name":"Home","item":"https:\/\/geosas.fr\/web\/"},{"@type":"ListItem","position":2,"name":"Les Observatoires de l&rsquo;UMR SAS"}]},{"@type":"WebSite","@id":"https:\/\/geosas.fr\/web\/#website","url":"https:\/\/geosas.fr\/web\/","name":"G\u00e9oSAS","description":"Portail de l&#039;information g\u00e9ographique de l&#039;UMR SAS - INRAE - Institut Agro","publisher":{"@id":"https:\/\/geosas.fr\/web\/#organization"},"potentialAction":[{"@type":"SearchAction","target":{"@type":"EntryPoint","urlTemplate":"https:\/\/geosas.fr\/web\/?s={search_term_string}"},"query-input":{"@type":"PropertyValueSpecification","valueRequired":true,"valueName":"search_term_string"}}],"inLanguage":"fr-FR"},{"@type":"Organization","@id":"https:\/\/geosas.fr\/web\/#organization","name":"G\u00e9oSAS","url":"https:\/\/geosas.fr\/web\/","logo":{"@type":"ImageObject","inLanguage":"fr-FR","@id":"https:\/\/geosas.fr\/web\/#\/schema\/logo\/image\/","url":"https:\/\/geosas.fr\/web\/wp-content\/uploads\/2021\/03\/cropped-Moyen-logo-BleuF-2.png","contentUrl":"https:\/\/geosas.fr\/web\/wp-content\/uploads\/2021\/03\/cropped-Moyen-logo-BleuF-2.png","width":358,"height":90,"caption":"G\u00e9oSAS"},"image":{"@id":"https:\/\/geosas.fr\/web\/#\/schema\/logo\/image\/"}}]}},"_links":{"self":[{"href":"https:\/\/geosas.fr\/web\/index.php?rest_route=\/wp\/v2\/pages\/6730","targetHints":{"allow":["GET"]}}],"collection":[{"href":"https:\/\/geosas.fr\/web\/index.php?rest_route=\/wp\/v2\/pages"}],"about":[{"href":"https:\/\/geosas.fr\/web\/index.php?rest_route=\/wp\/v2\/types\/page"}],"author":[{"embeddable":true,"href":"https:\/\/geosas.fr\/web\/index.php?rest_route=\/wp\/v2\/users\/1"}],"replies":[{"embeddable":true,"href":"https:\/\/geosas.fr\/web\/index.php?rest_route=%2Fwp%2Fv2%2Fcomments&post=6730"}],"version-history":[{"count":29,"href":"https:\/\/geosas.fr\/web\/index.php?rest_route=\/wp\/v2\/pages\/6730\/revisions"}],"predecessor-version":[{"id":6848,"href":"https:\/\/geosas.fr\/web\/index.php?rest_route=\/wp\/v2\/pages\/6730\/revisions\/6848"}],"wp:attachment":[{"href":"https:\/\/geosas.fr\/web\/index.php?rest_route=%2Fwp%2Fv2%2Fmedia&parent=6730"}],"curies":[{"name":"wp","href":"https:\/\/api.w.org\/{rel}","templated":true}]}}