{"id":6673,"date":"2025-12-23T17:00:28","date_gmt":"2025-12-23T16:00:28","guid":{"rendered":"https:\/\/geosas.fr\/web\/?page_id=6673"},"modified":"2026-02-12T16:47:05","modified_gmt":"2026-02-12T15:47:05","slug":"les-projets-de-recherche-de-lumr-sas-qui-mobilisent-les-services-de-geosas","status":"publish","type":"page","link":"https:\/\/geosas.fr\/web\/?page_id=6673","title":{"rendered":"Les Projets de G\u00e9oSAS"},"content":{"rendered":"<div id=\"pl-6673\" class=\"panel-layout\">\n<div id=\"pg-6673-0\" class=\"panel-grid panel-has-style\" data-style=\"{&quot;padding&quot;:&quot;6% 0% 5% 0%&quot;,&quot;background_image_attachment&quot;:false,&quot;background_display&quot;:&quot;tile&quot;,&quot;full_height&quot;:&quot;&quot;,&quot;bottom_margin&quot;:&quot;0px&quot;,&quot;cell_alignment&quot;:&quot;flex-start&quot;}\" data-label=\"Features\">\n<div class=\"panel-row-style panel-row-style-for-6673-0\">\n<div id=\"pgc-6673-0-0\" class=\"panel-grid-cell\" data-weight=\"1\">\n<div id=\"panel-6673-0-0-0\" class=\"so-panel widget widget_sow-headline panel-first-child\" data-index=\"0\" data-style=\"{&quot;background_image_attachment&quot;:false,&quot;background_display&quot;:&quot;tile&quot;,&quot;background_image_size&quot;:&quot;full&quot;,&quot;background_image_opacity&quot;:&quot;100&quot;,&quot;border_thickness&quot;:&quot;1px&quot;,&quot;margin&quot;:&quot;0px 0px 40px 0px&quot;}\"><div\n\t\t\t\n\t\t\tclass=\"so-widget-sow-headline so-widget-sow-headline-default-3a2769ade180 so-widget-fittext-wrapper\"\n\t\t\t data-fit-text-compressor=\"0.85\"\n\t\t><div class=\"sow-headline-container \">\n\t<p class='sow-headline'>Voici une vue synth\u00e9tique des projets de recherche qui mobilisent les diff\u00e9rentes ressources de G\u00e9oSAS. Ces projets de nature h\u00e9t\u00e9rog\u00e8ne port\u00e9s par des scientifiques de l\u2019UMR SAS produisent, publient et partagent des donn\u00e9es ou des services th\u00e9matiques. ils se composent d\u2019observatoires de recherche, d\u2019inventaires g\u00e9ographiques, de donn\u00e9es produites par mod\u00e9lisation environnementale, d\u2019API de mod\u00e9lisation en acc\u00e8s libre et d\u2019outils d\u2019aide \u00e0 la d\u00e9cision. <\/p><\/div>\n<\/div><\/div>\n<div id=\"panel-6673-0-0-1\" class=\"so-panel widget widget_custom_html panel-last-child\" data-index=\"1\" data-style=\"{&quot;background_image_attachment&quot;:false,&quot;background_display&quot;:&quot;tile&quot;,&quot;background_image_size&quot;:&quot;full&quot;,&quot;background_image_opacity&quot;:&quot;100&quot;,&quot;border_thickness&quot;:&quot;1px&quot;}\"><div class=\"textwidget custom-html-widget\"><iframe src=\"https:\/\/geosas.fr\/catalogue-web\/projets.html\"  scrolling=\"no\" style=\" width: 550px; height: 5000px;  overflow: hidden;\" ><\/iframe><\/div><\/div>\n<\/div>\n<\/div>\n<\/div>\n<\/div>\n","protected":false},"excerpt":{"rendered":"","protected":false},"author":1,"featured_media":0,"parent":0,"menu_order":0,"comment_status":"closed","ping_status":"closed","template":"","meta":{"footnotes":""},"class_list":["post-6673","page","type-page","status-publish","hentry"],"yoast_head":"<!-- This site is optimized with the Yoast SEO plugin v24.7 - https:\/\/yoast.com\/wordpress\/plugins\/seo\/ -->\n<title>Les Projets de G\u00e9oSAS - G\u00e9oSAS<\/title>\n<meta name=\"description\" content=\"Les projets de recherche de l&#039;UMR SAS qui mobilisent les services de G\u00e9oSAS.\" \/>\n<meta name=\"robots\" content=\"index, follow, max-snippet:-1, max-image-preview:large, max-video-preview:-1\" \/>\n<link rel=\"canonical\" href=\"https:\/\/geosas.fr\/web\/?page_id=6673\" \/>\n<meta property=\"og:locale\" content=\"fr_FR\" \/>\n<meta property=\"og:type\" content=\"article\" \/>\n<meta property=\"og:title\" content=\"Les Projets de G\u00e9oSAS - G\u00e9oSAS\" \/>\n<meta property=\"og:description\" content=\"Les projets de recherche de l&#039;UMR SAS qui mobilisent les services de G\u00e9oSAS.\" \/>\n<meta property=\"og:url\" content=\"https:\/\/geosas.fr\/web\/?page_id=6673\" \/>\n<meta property=\"og:site_name\" content=\"G\u00e9oSAS\" \/>\n<meta property=\"article:modified_time\" content=\"2026-02-12T15:47:05+00:00\" \/>\n<meta property=\"og:image\" content=\"https:\/\/geosas.fr\/web\/wp-content\/uploads\/2021\/03\/cropped-Moyen-logo-BleuF-2.png\" \/>\n\t<meta property=\"og:image:width\" content=\"358\" \/>\n\t<meta property=\"og:image:height\" content=\"90\" \/>\n\t<meta property=\"og:image:type\" content=\"image\/png\" \/>\n<meta name=\"twitter:card\" content=\"summary_large_image\" \/>\n<meta name=\"twitter:label1\" content=\"Est. reading time\" \/>\n\t<meta name=\"twitter:data1\" content=\"1 minute\" \/>\n<script type=\"application\/ld+json\" class=\"yoast-schema-graph\">{\"@context\":\"https:\/\/schema.org\",\"@graph\":[{\"@type\":\"WebPage\",\"@id\":\"https:\/\/geosas.fr\/web\/?page_id=6673\",\"url\":\"https:\/\/geosas.fr\/web\/?page_id=6673\",\"name\":\"Les Projets de G\u00e9oSAS - G\u00e9oSAS\",\"isPartOf\":{\"@id\":\"https:\/\/geosas.fr\/web\/#website\"},\"datePublished\":\"2025-12-23T16:00:28+00:00\",\"dateModified\":\"2026-02-12T15:47:05+00:00\",\"description\":\"Les projets de recherche de l'UMR SAS qui mobilisent les services de G\u00e9oSAS.\",\"breadcrumb\":{\"@id\":\"https:\/\/geosas.fr\/web\/?page_id=6673#breadcrumb\"},\"inLanguage\":\"fr-FR\",\"potentialAction\":[{\"@type\":\"ReadAction\",\"target\":[\"https:\/\/geosas.fr\/web\/?page_id=6673\"]}]},{\"@type\":\"BreadcrumbList\",\"@id\":\"https:\/\/geosas.fr\/web\/?page_id=6673#breadcrumb\",\"itemListElement\":[{\"@type\":\"ListItem\",\"position\":1,\"name\":\"Home\",\"item\":\"https:\/\/geosas.fr\/web\/\"},{\"@type\":\"ListItem\",\"position\":2,\"name\":\"Les Projets de G\u00e9oSAS\"}]},{\"@type\":\"WebSite\",\"@id\":\"https:\/\/geosas.fr\/web\/#website\",\"url\":\"https:\/\/geosas.fr\/web\/\",\"name\":\"G\u00e9oSAS\",\"description\":\"Portail de l&#039;information g\u00e9ographique de l&#039;UMR SAS - INRAE - Institut Agro\",\"publisher\":{\"@id\":\"https:\/\/geosas.fr\/web\/#organization\"},\"potentialAction\":[{\"@type\":\"SearchAction\",\"target\":{\"@type\":\"EntryPoint\",\"urlTemplate\":\"https:\/\/geosas.fr\/web\/?s={search_term_string}\"},\"query-input\":{\"@type\":\"PropertyValueSpecification\",\"valueRequired\":true,\"valueName\":\"search_term_string\"}}],\"inLanguage\":\"fr-FR\"},{\"@type\":\"Organization\",\"@id\":\"https:\/\/geosas.fr\/web\/#organization\",\"name\":\"G\u00e9oSAS\",\"url\":\"https:\/\/geosas.fr\/web\/\",\"logo\":{\"@type\":\"ImageObject\",\"inLanguage\":\"fr-FR\",\"@id\":\"https:\/\/geosas.fr\/web\/#\/schema\/logo\/image\/\",\"url\":\"https:\/\/geosas.fr\/web\/wp-content\/uploads\/2021\/03\/cropped-Moyen-logo-BleuF-2.png\",\"contentUrl\":\"https:\/\/geosas.fr\/web\/wp-content\/uploads\/2021\/03\/cropped-Moyen-logo-BleuF-2.png\",\"width\":358,\"height\":90,\"caption\":\"G\u00e9oSAS\"},\"image\":{\"@id\":\"https:\/\/geosas.fr\/web\/#\/schema\/logo\/image\/\"}}]}<\/script>\n<!-- \/ Yoast SEO plugin. -->","yoast_head_json":{"title":"Les Projets de G\u00e9oSAS - G\u00e9oSAS","description":"Les projets de recherche de l'UMR SAS qui mobilisent les services de G\u00e9oSAS.","robots":{"index":"index","follow":"follow","max-snippet":"max-snippet:-1","max-image-preview":"max-image-preview:large","max-video-preview":"max-video-preview:-1"},"canonical":"https:\/\/geosas.fr\/web\/?page_id=6673","og_locale":"fr_FR","og_type":"article","og_title":"Les Projets de G\u00e9oSAS - G\u00e9oSAS","og_description":"Les projets de recherche de l'UMR SAS qui mobilisent les services de G\u00e9oSAS.","og_url":"https:\/\/geosas.fr\/web\/?page_id=6673","og_site_name":"G\u00e9oSAS","article_modified_time":"2026-02-12T15:47:05+00:00","og_image":[{"width":358,"height":90,"url":"https:\/\/geosas.fr\/web\/wp-content\/uploads\/2021\/03\/cropped-Moyen-logo-BleuF-2.png","type":"image\/png"}],"twitter_card":"summary_large_image","twitter_misc":{"Est. reading time":"1 minute"},"schema":{"@context":"https:\/\/schema.org","@graph":[{"@type":"WebPage","@id":"https:\/\/geosas.fr\/web\/?page_id=6673","url":"https:\/\/geosas.fr\/web\/?page_id=6673","name":"Les Projets de G\u00e9oSAS - G\u00e9oSAS","isPartOf":{"@id":"https:\/\/geosas.fr\/web\/#website"},"datePublished":"2025-12-23T16:00:28+00:00","dateModified":"2026-02-12T15:47:05+00:00","description":"Les projets de recherche de l'UMR SAS qui mobilisent les services de G\u00e9oSAS.","breadcrumb":{"@id":"https:\/\/geosas.fr\/web\/?page_id=6673#breadcrumb"},"inLanguage":"fr-FR","potentialAction":[{"@type":"ReadAction","target":["https:\/\/geosas.fr\/web\/?page_id=6673"]}]},{"@type":"BreadcrumbList","@id":"https:\/\/geosas.fr\/web\/?page_id=6673#breadcrumb","itemListElement":[{"@type":"ListItem","position":1,"name":"Home","item":"https:\/\/geosas.fr\/web\/"},{"@type":"ListItem","position":2,"name":"Les Projets de G\u00e9oSAS"}]},{"@type":"WebSite","@id":"https:\/\/geosas.fr\/web\/#website","url":"https:\/\/geosas.fr\/web\/","name":"G\u00e9oSAS","description":"Portail de l&#039;information g\u00e9ographique de l&#039;UMR SAS - INRAE - Institut Agro","publisher":{"@id":"https:\/\/geosas.fr\/web\/#organization"},"potentialAction":[{"@type":"SearchAction","target":{"@type":"EntryPoint","urlTemplate":"https:\/\/geosas.fr\/web\/?s={search_term_string}"},"query-input":{"@type":"PropertyValueSpecification","valueRequired":true,"valueName":"search_term_string"}}],"inLanguage":"fr-FR"},{"@type":"Organization","@id":"https:\/\/geosas.fr\/web\/#organization","name":"G\u00e9oSAS","url":"https:\/\/geosas.fr\/web\/","logo":{"@type":"ImageObject","inLanguage":"fr-FR","@id":"https:\/\/geosas.fr\/web\/#\/schema\/logo\/image\/","url":"https:\/\/geosas.fr\/web\/wp-content\/uploads\/2021\/03\/cropped-Moyen-logo-BleuF-2.png","contentUrl":"https:\/\/geosas.fr\/web\/wp-content\/uploads\/2021\/03\/cropped-Moyen-logo-BleuF-2.png","width":358,"height":90,"caption":"G\u00e9oSAS"},"image":{"@id":"https:\/\/geosas.fr\/web\/#\/schema\/logo\/image\/"}}]}},"_links":{"self":[{"href":"https:\/\/geosas.fr\/web\/index.php?rest_route=\/wp\/v2\/pages\/6673","targetHints":{"allow":["GET"]}}],"collection":[{"href":"https:\/\/geosas.fr\/web\/index.php?rest_route=\/wp\/v2\/pages"}],"about":[{"href":"https:\/\/geosas.fr\/web\/index.php?rest_route=\/wp\/v2\/types\/page"}],"author":[{"embeddable":true,"href":"https:\/\/geosas.fr\/web\/index.php?rest_route=\/wp\/v2\/users\/1"}],"replies":[{"embeddable":true,"href":"https:\/\/geosas.fr\/web\/index.php?rest_route=%2Fwp%2Fv2%2Fcomments&post=6673"}],"version-history":[{"count":5,"href":"https:\/\/geosas.fr\/web\/index.php?rest_route=\/wp\/v2\/pages\/6673\/revisions"}],"predecessor-version":[{"id":6744,"href":"https:\/\/geosas.fr\/web\/index.php?rest_route=\/wp\/v2\/pages\/6673\/revisions\/6744"}],"wp:attachment":[{"href":"https:\/\/geosas.fr\/web\/index.php?rest_route=%2Fwp%2Fv2%2Fmedia&parent=6673"}],"curies":[{"name":"wp","href":"https:\/\/api.w.org\/{rel}","templated":true}]}}