{"id":6345,"date":"2024-01-30T17:02:33","date_gmt":"2024-01-30T16:02:33","guid":{"rendered":"https:\/\/geosas.fr\/web\/?page_id=6345"},"modified":"2026-04-14T16:00:00","modified_gmt":"2026-04-14T14:00:00","slug":"api-safran","status":"publish","type":"page","link":"https:\/\/geosas.fr\/web\/?page_id=6345","title":{"rendered":"API SAFRAN"},"content":{"rendered":"\n<p>L\u2019<a href=\"https:\/\/api.geosas.fr\/edr\/collections\/safran-isba\">API OGC EDR SAFRAN<\/a> diffuse des donn\u00e9es m\u00e9t\u00e9orologiques quotidiennes sur la France m\u00e9tropolitaine de 1958 \u00e0 2024 interpol\u00e9es sur une grille de calcul r\u00e9guli\u00e8re (8 x 8 km).<\/p>\n\n\n\n<div class=\"wp-block-pb-accordion-item c-accordion__item js-accordion-item no-js\" data-initially-open=\"false\" data-click-to-close=\"true\" data-auto-close=\"true\" data-scroll=\"false\" data-scroll-offset=\"0\"><h3 id=\"at-63450\" class=\"c-accordion__title js-accordion-controller\" role=\"button\">Historique<\/h3><div id=\"ac-63450\" class=\"c-accordion__content\">\n<ul class=\"wp-block-list\">\n<li><strong>2\/03\/2026 : Ajout du param\u00e8tres<\/strong>\n<ul class=\"wp-block-list\">\n<li>RESR_NEIGE_Q : \u00c9quivalent en eau du manteau neigeux (mm)<\/li>\n\n\n\n<li>RUNC_Q : Ruissellement (mm)<\/li>\n<\/ul>\n<\/li>\n\n\n\n<li><strong>19\/02\/2025 : Mise \u00e0 jour du service<\/strong>\n<ul class=\"wp-block-list\">\n<li>Modification du formalise des CoverageJSON issus des requ\u00eates \u00ab\u00a0Position\u00a0\u00bb pour \u00eatre conforme avec l&rsquo;OGC.<\/li>\n\n\n\n<li>Pour les requ\u00eates de type position, les g\u00e9om\u00e9tries de type MULTIPOINT sont maintenant disponibles.<\/li>\n<\/ul>\n<\/li>\n\n\n\n<li><strong>4\/10\/2024 : Ajout du param\u00e8tre<\/strong>\n<ul class=\"wp-block-list\">\n<li>HU_Q : Humidit\u00e9 relative (%)<\/li>\n<\/ul>\n<\/li>\n\n\n\n<li><strong>4\/03\/2024 : Ajout du param\u00e8tre<\/strong>\n<ul class=\"wp-block-list\">\n<li>SWI_Q : Indice d&rsquo;humidit\u00e9 des sols (%)<\/li>\n<\/ul>\n<\/li>\n\n\n\n<li><strong>7\/02\/2024 : Automatisation de la mise \u00e0 jour des donn\u00e9es<\/strong><\/li>\n<\/ul>\n\n\n\n<p>    Chaque d\u00e9but de mois, le service est actualis\u00e9 avec les donn\u00e9es du mois pr\u00e9c\u00e9dent.<\/p>\n\n\n\n<ul class=\"wp-block-list\">\n<li><strong>23\/01\/2024 : Ajout des param\u00e8tres<\/strong>\n<ul class=\"wp-block-list\">\n<li>DLI_Q : Rayonnement atmosph\u00e9rique (J\/cm\u00b2) <\/li>\n\n\n\n<li>DRAINC_Q : Drainage (mm)<\/li>\n\n\n\n<li>ETP_Q : \u00c9vapotranspiration potentielle (mm)<\/li>\n\n\n\n<li>PRENEI_Q : Pr\u00e9cipitations solides (mm)<\/li>\n\n\n\n<li>SSI_Q : Rayonnement visible (J\/cm\u00b2)<\/li>\n\n\n\n<li>TINF_H_Q : Temp\u00e9rature minimale des 24 temp\u00e9ratures horaires (\u00b0C)<\/li>\n\n\n\n<li>TSUP_H_Q : Temp\u00e9rature maximale des 24 temp\u00e9ratures horaires (\u00b0C)<\/li>\n<\/ul>\n<\/li>\n<\/ul>\n\n\n\n<ul class=\"wp-block-list\">\n<li><strong>10\/01\/2024 : Mise en production du service SAFRAN sur la France enti\u00e8re de 1958 \u00e0 2024 pour les param\u00e8tres<\/strong>\n<ul class=\"wp-block-list\">\n<li>FF_Q : Vent (m\/s)<\/li>\n\n\n\n<li>PRELIQ_Q : Pr\u00e9cipitations liquides (mm)<\/li>\n\n\n\n<li>T_Q : Temp\u00e9rature (\u00b0C)<\/li>\n<\/ul>\n<\/li>\n<\/ul>\n\n\n\n<ul class=\"wp-block-list\">\n<li><strong>3\/01\/2024 : Publication des donn\u00e9es quotidiennes du mod\u00e8le de simulation des sch\u00e9mas de surface (Safran &#8211; Isba) de 1958 \u00e0 2024 sur le site <a href=\"https:\/\/meteo.data.gouv.fr\/datasets\/donnees-changement-climatique-sim-quotidienne\/\" target=\"_blank\" rel=\"noreferrer noopener\">data.gouv.fr<\/a>.<\/strong><\/li>\n<\/ul>\n\n\n\n<p><\/p>\n<\/div><\/div>\n\n\n\n<div class=\"wp-block-pb-accordion-item c-accordion__item js-accordion-item no-js\" data-initially-open=\"false\" data-click-to-close=\"true\" data-auto-close=\"true\" data-scroll=\"false\" data-scroll-offset=\"0\"><h3 id=\"at-63451\" class=\"c-accordion__title js-accordion-controller\" role=\"button\">Technologie utilis\u00e9e<\/h3><div id=\"ac-63451\" class=\"c-accordion__content\">\n<p>Standard OGC <a href=\"https:\/\/docs.ogc.org\/is\/19-086r6\/19-086r6.html\" target=\"_blank\" rel=\"noreferrer noopener\">Environmental Data Retrieval<\/a> (EDR) v1.1<\/p>\n<\/div><\/div>\n\n\n\n<div class=\"wp-block-pb-accordion-item c-accordion__item js-accordion-item no-js\" data-initially-open=\"false\" data-click-to-close=\"true\" data-auto-close=\"true\" data-scroll=\"false\" data-scroll-offset=\"0\"><h3 id=\"at-63452\" class=\"c-accordion__title js-accordion-controller\" role=\"button\">URL<\/h3><div id=\"ac-63452\" class=\"c-accordion__content\">\n<ul class=\"wp-block-list\">\n<li>Service :<a href=\"https:\/\/api.geosas.fr\/edr\/collections\/safran-isba\/\" target=\"_blank\" rel=\"noreferrer noopener\"> https:\/\/api.geosas.fr\/edr\/collections\/safran-isba\/<\/a><\/li>\n<\/ul>\n\n\n\n<ul class=\"wp-block-list\">\n<li>M\u00e9tadonn\u00e9e : <a href=\"https:\/\/geosas.fr\/geonetwork\/srv\/fre\/catalog.search#\/metadata\/4ee133fa-d4cb-44d8-b708-46946573ba5f\" target=\"_blank\" rel=\"noreferrer noopener\">https:\/\/geosas.fr\/geonetwork\/srv\/fre\/catalog.search#\/metadata\/4ee133fa-d4cb-44d8-b708-46946573ba5f<\/a><\/li>\n<\/ul>\n<\/div><\/div>\n\n\n\n<div class=\"wp-block-pb-accordion-item c-accordion__item js-accordion-item no-js\" data-initially-open=\"false\" data-click-to-close=\"true\" data-auto-close=\"true\" data-scroll=\"false\" data-scroll-offset=\"0\"><h3 id=\"at-63453\" class=\"c-accordion__title js-accordion-controller\" role=\"button\">Exemples de r\u00e9utilisation<\/h3><div id=\"ac-63453\" class=\"c-accordion__content\">\n<p>Requ\u00eates simples \u00e0 taper dans la barre d&rsquo;adresse de son navigateur :<\/p>\n\n\n\n<ul class=\"wp-block-list\">\n<li>Je veux t\u00e9l\u00e9charger les temp\u00e9ratures du mois de juillet 2022 au point de coordonn\u00e9es X=129000 Y=6340000 en projection Lambert 93 (EPSG:2154) au format CoverageJson : <br><a href=\"https:\/\/api.geosas.fr\/edr\/collections\/safran-isba\/position?parameter-name=T_Q&amp;coords=POINT(129000%206840000)&amp;crs=EPSG:2154&amp;datetime=2022-07-01\/2022-07-31&amp;f=CoverageJSON\" target=\"_blank\" rel=\"noreferrer noopener\">https:\/\/api.geosas.fr\/edr\/collections\/safran-isba\/position?parameter-name=T_Q&amp;coords=POINT(129000%206840000)&amp;crs=EPSG:2154&amp;datetime=2022-07-01\/2022-07-31&amp;f=CoverageJSON<\/a><\/li>\n\n\n\n<li>Je veux t\u00e9l\u00e9charger l&rsquo;\u00e9vapotranspiration potentielle, les pr\u00e9cipitations liquides et le rayonnement visible de 1958 \u00e0 2023 pour l&rsquo;ensemble de la Bretagne d\u00e9finie g\u00e9ographiquement par son coin inf\u00e9rieur gauche (X=-5\u00b0,Y=47\u00b0) et son coin sup\u00e9rieur droit (X=-1\u00b0,Y=49\u00b0) en projection WGS 84 (EPSG:4326), au format NetCDF :<br><a href=\"https:\/\/api.geosas.fr\/edr\/collections\/safran-isba\/cube?parameter-name=ETP_Q,PRELIQ_Q,SSI_Q&amp;bbox=-5,47,-1,49&amp;crs=EPSG:4326&amp;datetime=1958-01-01\/2023-12-31&amp;f=netCDF4\" target=\"_blank\" rel=\"noreferrer noopener\">https:\/\/api.geosas.fr\/edr\/collections\/safran-isba\/cube?parameter-name=ETP_Q,PRELIQ_Q,SSI_Q&amp;bbox=-5,47,-1,49&amp;crs=EPSG:4326&amp;datetime=1958-01-01\/2023-12-31&amp;f=netCDF4<\/a><\/li>\n<\/ul>\n\n\n\n<div class=\"wp-block-pb-accordion-item c-accordion__item js-accordion-item no-js\" data-initially-open=\"false\" data-click-to-close=\"true\" data-auto-close=\"true\" data-scroll=\"false\" data-scroll-offset=\"0\"><h4 id=\"at-63454\" class=\"c-accordion__title js-accordion-controller\" role=\"button\">&#8211; Python<\/h4><div id=\"ac-63454\" class=\"c-accordion__content\">\n<iframe src=\"https:\/\/geosas.fr\/notebook\/edr_safran_python.html\" style=\" padding-left: 0; padding-right: 0; min-width:100%; height:100pc;\"><\/iframe>\n<\/div><\/div>\n\n\n\n<div class=\"wp-block-group\"><div class=\"wp-block-group__inner-container is-layout-flow wp-block-group-is-layout-flow\">\n<div class=\"wp-block-pb-accordion-item c-accordion__item js-accordion-item no-js\" data-initially-open=\"false\" data-click-to-close=\"true\" data-auto-close=\"true\" data-scroll=\"false\" data-scroll-offset=\"0\"><h4 id=\"at-63455\" class=\"c-accordion__title js-accordion-controller\" role=\"button\">&#8211; R<\/h4><div id=\"ac-63455\" class=\"c-accordion__content\">\n<iframe src=\"https:\/\/geosas.fr\/notebook\/edr_safran_R\" style=\" padding-left: 0; padding-right: 0; min-width:100%; height:100pc;\"><\/iframe>\n<iframe src=\"https:\/\/geosas.fr\/notebook\/r_safran_maille\" style=\" padding-left: 0; padding-right: 0; min-width:100%; height:100pc;\"><\/iframe>\n<\/div><\/div>\n<\/div><\/div>\n<\/div><\/div>\n\n\n\n<div class=\"wp-block-pb-accordion-item c-accordion__item js-accordion-item no-js\" data-initially-open=\"false\" data-click-to-close=\"true\" data-auto-close=\"true\" data-scroll=\"false\" data-scroll-offset=\"0\"><h3 id=\"at-63456\" class=\"c-accordion__title js-accordion-controller\" role=\"button\">Documentation<\/h3><div id=\"ac-63456\" class=\"c-accordion__content\">\n<iframe src=\"https:\/\/api.geosas.fr\/edr\/apidocs\/\" style=\" padding-left: 0; padding-right: 0; min-width:100%; height:100pc;\"><\/iframe>\n<\/div><\/div>\n","protected":false},"excerpt":{"rendered":"<p>L\u2019API OGC EDR SAFRAN diffuse des donn\u00e9es m\u00e9t\u00e9orologiques quotidiennes sur la France m\u00e9tropolitaine de 1958 \u00e0 2024 interpol\u00e9es sur une grille de calcul r\u00e9guli\u00e8re (8 &hellip; <\/p>\n","protected":false},"author":7,"featured_media":6307,"parent":0,"menu_order":0,"comment_status":"closed","ping_status":"closed","template":"","meta":{"footnotes":""},"class_list":["post-6345","page","type-page","status-publish","has-post-thumbnail","hentry"],"yoast_head":"<!-- This site is optimized with the Yoast SEO plugin v24.7 - https:\/\/yoast.com\/wordpress\/plugins\/seo\/ -->\n<title>API SAFRAN - G\u00e9oSAS<\/title>\n<meta name=\"description\" content=\"Visualisation et t\u00e9l\u00e9chargement de donn\u00e9es spatio-temporelles. Safran-Isba, Donn\u00e9es changement climatique - SIM quotidienne\" \/>\n<meta name=\"robots\" content=\"index, follow, max-snippet:-1, max-image-preview:large, max-video-preview:-1\" \/>\n<link rel=\"canonical\" href=\"https:\/\/geosas.fr\/web\/?page_id=6345\" \/>\n<meta property=\"og:locale\" content=\"fr_FR\" \/>\n<meta property=\"og:type\" content=\"article\" \/>\n<meta property=\"og:title\" content=\"API SAFRAN - G\u00e9oSAS\" \/>\n<meta property=\"og:description\" content=\"Visualisation et t\u00e9l\u00e9chargement de donn\u00e9es spatio-temporelles. Safran-Isba, Donn\u00e9es changement climatique - SIM quotidienne\" \/>\n<meta property=\"og:url\" content=\"https:\/\/geosas.fr\/web\/?page_id=6345\" \/>\n<meta property=\"og:site_name\" content=\"G\u00e9oSAS\" \/>\n<meta property=\"article:modified_time\" content=\"2026-04-14T14:00:00+00:00\" \/>\n<meta property=\"og:image\" content=\"https:\/\/geosas.fr\/web\/wp-content\/uploads\/2024\/01\/safran-preview-e1706041790733.png\" \/>\n\t<meta property=\"og:image:width\" content=\"344\" \/>\n\t<meta property=\"og:image:height\" content=\"328\" \/>\n\t<meta property=\"og:image:type\" content=\"image\/png\" \/>\n<meta name=\"twitter:card\" content=\"summary_large_image\" \/>\n<meta name=\"twitter:label1\" content=\"Est. reading time\" \/>\n\t<meta name=\"twitter:data1\" content=\"2 minutes\" \/>\n<script type=\"application\/ld+json\" class=\"yoast-schema-graph\">{\"@context\":\"https:\/\/schema.org\",\"@graph\":[{\"@type\":\"WebPage\",\"@id\":\"https:\/\/geosas.fr\/web\/?page_id=6345\",\"url\":\"https:\/\/geosas.fr\/web\/?page_id=6345\",\"name\":\"API SAFRAN - G\u00e9oSAS\",\"isPartOf\":{\"@id\":\"https:\/\/geosas.fr\/web\/#website\"},\"primaryImageOfPage\":{\"@id\":\"https:\/\/geosas.fr\/web\/?page_id=6345#primaryimage\"},\"image\":{\"@id\":\"https:\/\/geosas.fr\/web\/?page_id=6345#primaryimage\"},\"thumbnailUrl\":\"https:\/\/geosas.fr\/web\/wp-content\/uploads\/2024\/01\/safran-preview-e1706041790733.png\",\"datePublished\":\"2024-01-30T16:02:33+00:00\",\"dateModified\":\"2026-04-14T14:00:00+00:00\",\"description\":\"Visualisation et t\u00e9l\u00e9chargement de donn\u00e9es spatio-temporelles. Safran-Isba, Donn\u00e9es changement climatique - SIM quotidienne\",\"breadcrumb\":{\"@id\":\"https:\/\/geosas.fr\/web\/?page_id=6345#breadcrumb\"},\"inLanguage\":\"fr-FR\",\"potentialAction\":[{\"@type\":\"ReadAction\",\"target\":[\"https:\/\/geosas.fr\/web\/?page_id=6345\"]}]},{\"@type\":\"ImageObject\",\"inLanguage\":\"fr-FR\",\"@id\":\"https:\/\/geosas.fr\/web\/?page_id=6345#primaryimage\",\"url\":\"https:\/\/geosas.fr\/web\/wp-content\/uploads\/2024\/01\/safran-preview-e1706041790733.png\",\"contentUrl\":\"https:\/\/geosas.fr\/web\/wp-content\/uploads\/2024\/01\/safran-preview-e1706041790733.png\",\"width\":344,\"height\":328},{\"@type\":\"BreadcrumbList\",\"@id\":\"https:\/\/geosas.fr\/web\/?page_id=6345#breadcrumb\",\"itemListElement\":[{\"@type\":\"ListItem\",\"position\":1,\"name\":\"Home\",\"item\":\"https:\/\/geosas.fr\/web\/\"},{\"@type\":\"ListItem\",\"position\":2,\"name\":\"API SAFRAN\"}]},{\"@type\":\"WebSite\",\"@id\":\"https:\/\/geosas.fr\/web\/#website\",\"url\":\"https:\/\/geosas.fr\/web\/\",\"name\":\"G\u00e9oSAS\",\"description\":\"Portail de l&#039;information g\u00e9ographique de l&#039;UMR SAS - INRAE - Institut Agro\",\"publisher\":{\"@id\":\"https:\/\/geosas.fr\/web\/#organization\"},\"potentialAction\":[{\"@type\":\"SearchAction\",\"target\":{\"@type\":\"EntryPoint\",\"urlTemplate\":\"https:\/\/geosas.fr\/web\/?s={search_term_string}\"},\"query-input\":{\"@type\":\"PropertyValueSpecification\",\"valueRequired\":true,\"valueName\":\"search_term_string\"}}],\"inLanguage\":\"fr-FR\"},{\"@type\":\"Organization\",\"@id\":\"https:\/\/geosas.fr\/web\/#organization\",\"name\":\"G\u00e9oSAS\",\"url\":\"https:\/\/geosas.fr\/web\/\",\"logo\":{\"@type\":\"ImageObject\",\"inLanguage\":\"fr-FR\",\"@id\":\"https:\/\/geosas.fr\/web\/#\/schema\/logo\/image\/\",\"url\":\"https:\/\/geosas.fr\/web\/wp-content\/uploads\/2021\/03\/cropped-Moyen-logo-BleuF-2.png\",\"contentUrl\":\"https:\/\/geosas.fr\/web\/wp-content\/uploads\/2021\/03\/cropped-Moyen-logo-BleuF-2.png\",\"width\":358,\"height\":90,\"caption\":\"G\u00e9oSAS\"},\"image\":{\"@id\":\"https:\/\/geosas.fr\/web\/#\/schema\/logo\/image\/\"}}]}<\/script>\n<!-- \/ Yoast SEO plugin. -->","yoast_head_json":{"title":"API SAFRAN - G\u00e9oSAS","description":"Visualisation et t\u00e9l\u00e9chargement de donn\u00e9es spatio-temporelles. Safran-Isba, Donn\u00e9es changement climatique - SIM quotidienne","robots":{"index":"index","follow":"follow","max-snippet":"max-snippet:-1","max-image-preview":"max-image-preview:large","max-video-preview":"max-video-preview:-1"},"canonical":"https:\/\/geosas.fr\/web\/?page_id=6345","og_locale":"fr_FR","og_type":"article","og_title":"API SAFRAN - G\u00e9oSAS","og_description":"Visualisation et t\u00e9l\u00e9chargement de donn\u00e9es spatio-temporelles. Safran-Isba, Donn\u00e9es changement climatique - SIM quotidienne","og_url":"https:\/\/geosas.fr\/web\/?page_id=6345","og_site_name":"G\u00e9oSAS","article_modified_time":"2026-04-14T14:00:00+00:00","og_image":[{"width":344,"height":328,"url":"https:\/\/geosas.fr\/web\/wp-content\/uploads\/2024\/01\/safran-preview-e1706041790733.png","type":"image\/png"}],"twitter_card":"summary_large_image","twitter_misc":{"Est. reading time":"2 minutes"},"schema":{"@context":"https:\/\/schema.org","@graph":[{"@type":"WebPage","@id":"https:\/\/geosas.fr\/web\/?page_id=6345","url":"https:\/\/geosas.fr\/web\/?page_id=6345","name":"API SAFRAN - G\u00e9oSAS","isPartOf":{"@id":"https:\/\/geosas.fr\/web\/#website"},"primaryImageOfPage":{"@id":"https:\/\/geosas.fr\/web\/?page_id=6345#primaryimage"},"image":{"@id":"https:\/\/geosas.fr\/web\/?page_id=6345#primaryimage"},"thumbnailUrl":"https:\/\/geosas.fr\/web\/wp-content\/uploads\/2024\/01\/safran-preview-e1706041790733.png","datePublished":"2024-01-30T16:02:33+00:00","dateModified":"2026-04-14T14:00:00+00:00","description":"Visualisation et t\u00e9l\u00e9chargement de donn\u00e9es spatio-temporelles. Safran-Isba, Donn\u00e9es changement climatique - SIM quotidienne","breadcrumb":{"@id":"https:\/\/geosas.fr\/web\/?page_id=6345#breadcrumb"},"inLanguage":"fr-FR","potentialAction":[{"@type":"ReadAction","target":["https:\/\/geosas.fr\/web\/?page_id=6345"]}]},{"@type":"ImageObject","inLanguage":"fr-FR","@id":"https:\/\/geosas.fr\/web\/?page_id=6345#primaryimage","url":"https:\/\/geosas.fr\/web\/wp-content\/uploads\/2024\/01\/safran-preview-e1706041790733.png","contentUrl":"https:\/\/geosas.fr\/web\/wp-content\/uploads\/2024\/01\/safran-preview-e1706041790733.png","width":344,"height":328},{"@type":"BreadcrumbList","@id":"https:\/\/geosas.fr\/web\/?page_id=6345#breadcrumb","itemListElement":[{"@type":"ListItem","position":1,"name":"Home","item":"https:\/\/geosas.fr\/web\/"},{"@type":"ListItem","position":2,"name":"API SAFRAN"}]},{"@type":"WebSite","@id":"https:\/\/geosas.fr\/web\/#website","url":"https:\/\/geosas.fr\/web\/","name":"G\u00e9oSAS","description":"Portail de l&#039;information g\u00e9ographique de l&#039;UMR SAS - INRAE - Institut Agro","publisher":{"@id":"https:\/\/geosas.fr\/web\/#organization"},"potentialAction":[{"@type":"SearchAction","target":{"@type":"EntryPoint","urlTemplate":"https:\/\/geosas.fr\/web\/?s={search_term_string}"},"query-input":{"@type":"PropertyValueSpecification","valueRequired":true,"valueName":"search_term_string"}}],"inLanguage":"fr-FR"},{"@type":"Organization","@id":"https:\/\/geosas.fr\/web\/#organization","name":"G\u00e9oSAS","url":"https:\/\/geosas.fr\/web\/","logo":{"@type":"ImageObject","inLanguage":"fr-FR","@id":"https:\/\/geosas.fr\/web\/#\/schema\/logo\/image\/","url":"https:\/\/geosas.fr\/web\/wp-content\/uploads\/2021\/03\/cropped-Moyen-logo-BleuF-2.png","contentUrl":"https:\/\/geosas.fr\/web\/wp-content\/uploads\/2021\/03\/cropped-Moyen-logo-BleuF-2.png","width":358,"height":90,"caption":"G\u00e9oSAS"},"image":{"@id":"https:\/\/geosas.fr\/web\/#\/schema\/logo\/image\/"}}]}},"_links":{"self":[{"href":"https:\/\/geosas.fr\/web\/index.php?rest_route=\/wp\/v2\/pages\/6345","targetHints":{"allow":["GET"]}}],"collection":[{"href":"https:\/\/geosas.fr\/web\/index.php?rest_route=\/wp\/v2\/pages"}],"about":[{"href":"https:\/\/geosas.fr\/web\/index.php?rest_route=\/wp\/v2\/types\/page"}],"author":[{"embeddable":true,"href":"https:\/\/geosas.fr\/web\/index.php?rest_route=\/wp\/v2\/users\/7"}],"replies":[{"embeddable":true,"href":"https:\/\/geosas.fr\/web\/index.php?rest_route=%2Fwp%2Fv2%2Fcomments&post=6345"}],"version-history":[{"count":47,"href":"https:\/\/geosas.fr\/web\/index.php?rest_route=\/wp\/v2\/pages\/6345\/revisions"}],"predecessor-version":[{"id":6855,"href":"https:\/\/geosas.fr\/web\/index.php?rest_route=\/wp\/v2\/pages\/6345\/revisions\/6855"}],"wp:featuredmedia":[{"embeddable":true,"href":"https:\/\/geosas.fr\/web\/index.php?rest_route=\/wp\/v2\/media\/6307"}],"wp:attachment":[{"href":"https:\/\/geosas.fr\/web\/index.php?rest_route=%2Fwp%2Fv2%2Fmedia&parent=6345"}],"curies":[{"name":"wp","href":"https:\/\/api.w.org\/{rel}","templated":true}]}}