{"id":6203,"date":"2024-01-17T18:26:19","date_gmt":"2024-01-17T17:26:19","guid":{"rendered":"https:\/\/geosas.fr\/web\/?page_id=6203"},"modified":"2025-12-11T17:18:46","modified_gmt":"2025-12-11T16:18:46","slug":"meta-tnt","status":"publish","type":"page","link":"https:\/\/geosas.fr\/web\/?page_id=6203","title":{"rendered":"M\u00e9ta-TNT"},"content":{"rendered":"\n<p>Un outil de cr\u00e9ation de r\u00e9f\u00e9rentiels g\u00e9ographiques et temporels pour la mod\u00e9lisation des flux d&rsquo;azote.<\/p>\n\n\n\n<p><strong> Contexte<\/strong><br>Les outils de mod\u00e9lisation environnementale mobilisent des jeux de donn\u00e9es de diff\u00e9rentes natures (s\u00e9ries temporelles, donn\u00e9es g\u00e9ographiques, images satellite, \u2026) issus de diff\u00e9rentes th\u00e9matiques (altim\u00e9trie, hydrologie, p\u00e9dologie, agronomie, \u2026).<br>Trouver, collecter, mettre en forme et au final rendre exploitable ces jeux de donn\u00e9es h\u00e9t\u00e9rog\u00e8nes par ce type d&rsquo;outils repr\u00e9sente le plus souvent un chemin de croix long et complexe.<\/p>\n\n\n\n<p><strong>Objectifs<\/strong> <br>Le projet M\u00e9ta TNT propose un ensemble de services interop\u00e9rables de traitements et d&rsquo;interfaces pour simplifier et automatiser cette phase de collecte de donn\u00e9es.<br>Ces services mobilisent des flux de donn\u00e9es g\u00e9ographiques (IDS G\u00e9oBretagne et G\u00e9oSAS, API Georisque), temporelles (API Hubeau), des API de calculs g\u00e9ographiques (WPS MNTsurf, WPS Histoire culturale) et temporelles (WPS SIMFEN).<br>Une fois collect\u00e9es et mises en forme, ces donn\u00e9es sont publi\u00e9es dans un serveur cartographique d\u00e9di\u00e9 et int\u00e9gr\u00e9 \u00e0 G\u00e9oSAS. Le portail cartographique a \u00e9t\u00e9 d\u00e9velopp\u00e9e sous la forme d&rsquo;extensions au MViewer.<br><\/p>\n\n\n\n<h6 class=\"wp-block-heading\"><strong>Objectif \u00ab\u00a0num\u00e9rique\u00a0\u00bb<\/strong><\/h6>\n\n\n\n<ul class=\"wp-block-list\">\n<li>Proposer un portail cartographique permettant la g\u00e9n\u00e9ration simplifi\u00e9e de donn\u00e9es d&rsquo;entr\u00e9e du mod\u00e8le TNT\u00b2 et r\u00e9serv\u00e9 aux membres du projet ou de l&rsquo;UMR SAS.<\/li>\n<\/ul>\n\n\n\n<h6 class=\"wp-block-heading\">&nbsp;<strong>Public cibl\u00e9<\/strong><\/h6>\n\n\n\n<ul class=\"wp-block-list\">\n<li>Scientifiques,<\/li>\n\n\n\n<li>Mod\u00e9lisateurs<\/li>\n<\/ul>\n\n\n\n<h6 class=\"wp-block-heading\">&nbsp;&nbsp;<strong>Partenaires &#8211; Financement<\/strong><\/h6>\n\n\n\n<ul class=\"wp-block-list\">\n<li>Le projet M\u00e9taTNT est financ\u00e9 par la pr\u00e9fecture de la r\u00e9gion Bretagne <\/li>\n\n\n\n<li>La soci\u00e9t\u00e9 <a href=\"https:\/\/jdev.fr\/\">jDev<\/a> a r\u00e9alis\u00e9 les d\u00e9veloppement de l&rsquo;interface web bas\u00e9e sur l&rsquo;outil mviewer<\/li>\n\n\n\n<li>La soci\u00e9t\u00e9 <a href=\"https:\/\/www.scheme-rd.fr\/\">Scheme<\/a> a contribu\u00e9 aux d\u00e9veloppement de l&rsquo;outil d&rsquo;un point de vue \u00ab\u00a0utilisateur\u00a0\u00bb.<\/li>\n<\/ul>\n\n\n\n<h6 class=\"wp-block-heading\">&nbsp;<strong>Outils disponibles &#8211; R\u00e9alisations &#8211; Livrables num\u00e9riques<\/strong><\/h6>\n\n\n\n<figure class=\"wp-block-image size-large\"><img loading=\"lazy\" decoding=\"async\" width=\"1024\" height=\"622\" src=\"https:\/\/geosas.fr\/web\/wp-content\/uploads\/2024\/01\/portail_MetaTNT-1024x622.png\" alt=\"\" class=\"wp-image-6277\" srcset=\"https:\/\/geosas.fr\/web\/wp-content\/uploads\/2024\/01\/portail_MetaTNT-1024x622.png 1024w, https:\/\/geosas.fr\/web\/wp-content\/uploads\/2024\/01\/portail_MetaTNT-300x182.png 300w, https:\/\/geosas.fr\/web\/wp-content\/uploads\/2024\/01\/portail_MetaTNT-768x467.png 768w, https:\/\/geosas.fr\/web\/wp-content\/uploads\/2024\/01\/portail_MetaTNT.png 1234w\" sizes=\"auto, (max-width: 1024px) 100vw, 1024px\" \/><\/figure>\n\n\n\n<ul class=\"wp-block-list\">\n<li>L&rsquo;interface web du portail cartographique est accessible pour les membres du projet et de l&rsquo;UMR SAS \u00e0 cette adresse : <a href=\"https:\/\/geosas.fr\/tnt\" target=\"_blank\" rel=\"noreferrer noopener\">https:\/\/geosas.fr\/tnt<\/a>.<\/li>\n\n\n\n<li>Le service de traitement TNT est accessible \u00e0 cette adresse : <a href=\"http:\/\/wps.geosas.fr\/tnt?service=WPS&amp;version=1.0.0&amp;request=getCapabilities\">http:\/\/wps.geosas.fr\/tnt?service=WPS&amp;version=1.0.0&amp;request=getCapabilities<\/a><\/li>\n<\/ul>\n\n\n\n<h6 class=\"wp-block-heading\"><strong>Calendrier<\/strong><\/h6>\n\n\n\n<ul class=\"wp-block-list\">\n<li><strong><em>Mars 2021<\/em><\/strong> : D\u00e9but du contrat de Tom Lor\u00e9e et d\u00e9but de la phase de d\u00e9veloppement des diff\u00e9rents services utiles au projet.<\/li>\n\n\n\n<li><em><strong>F\u00e9vrier 2022<\/strong><\/em> : Livraison des diff\u00e9rents outils.<\/li>\n<\/ul>\n\n\n\n<h6 class=\"wp-block-heading\" id=\"\u201dequipe\u201d\"><strong>Ressources humaines<\/strong><\/h6>\n\n\n\n<ul class=\"wp-block-list\">\n<li><a href=\"https:\/\/umrsas.rennes.hub.inrae.fr\/annuaire\/DURAND-Patrick\">Patrick Durand<\/a>, responsable du projet, directeur de recherche, hydrologue, INRAE &#8211; UMR SAS,<\/li>\n\n\n\n<li>Fran\u00e7ois Oehler, soci\u00e8t\u00e9 Sheme<\/li>\n\n\n\n<li><a href=\"https:\/\/fr.linkedin.com\/in\/wafa-malik-research\">Wafa Malik<\/a>, post-doctorante, , hydrologue, INRAE &#8211; UMR SAS,<\/li>\n\n\n\n<li>Tom Lor\u00e9e, D\u00e9veloppements informatiques 2020, Ing\u00e9nieur contractuel, INRAE,<\/li>\n\n\n\n<li><a href=\"https:\/\/www6.rennes.inra.fr\/umrsas_eng\/About-us\/Staff\/SQUIVIDANT-Herve\">Herv\u00e9 Squividant<\/a>, encadrement et coordination des d\u00e9veloppements informatiques, Ing\u00e9nieur de Recherche, Agrocampus Ouest &#8211; UMR SAS,<\/li>\n<\/ul>\n","protected":false},"excerpt":{"rendered":"<p>Un outil de cr\u00e9ation de r\u00e9f\u00e9rentiels g\u00e9ographiques et temporels pour la mod\u00e9lisation des flux d&rsquo;azote. ContexteLes outils de mod\u00e9lisation environnementale mobilisent des jeux de donn\u00e9es &hellip; <\/p>\n","protected":false},"author":1,"featured_media":6206,"parent":0,"menu_order":1,"comment_status":"closed","ping_status":"closed","template":"","meta":{"footnotes":""},"class_list":["post-6203","page","type-page","status-publish","has-post-thumbnail","hentry"],"yoast_head":"<!-- This site is optimized with the Yoast SEO plugin v24.7 - https:\/\/yoast.com\/wordpress\/plugins\/seo\/ -->\n<title>M\u00e9ta-TNT - G\u00e9oSAS<\/title>\n<meta name=\"robots\" content=\"index, follow, max-snippet:-1, max-image-preview:large, max-video-preview:-1\" \/>\n<link rel=\"canonical\" href=\"https:\/\/geosas.fr\/web\/?page_id=6203\" \/>\n<meta property=\"og:locale\" content=\"fr_FR\" \/>\n<meta property=\"og:type\" content=\"article\" \/>\n<meta property=\"og:title\" content=\"M\u00e9ta-TNT - G\u00e9oSAS\" \/>\n<meta property=\"og:description\" content=\"Un outil de cr\u00e9ation de r\u00e9f\u00e9rentiels g\u00e9ographiques et temporels pour la mod\u00e9lisation des flux d&rsquo;azote. ContexteLes outils de mod\u00e9lisation environnementale mobilisent des jeux de donn\u00e9es &hellip;\" \/>\n<meta property=\"og:url\" content=\"https:\/\/geosas.fr\/web\/?page_id=6203\" \/>\n<meta property=\"og:site_name\" content=\"G\u00e9oSAS\" \/>\n<meta property=\"article:modified_time\" content=\"2025-12-11T16:18:46+00:00\" \/>\n<meta property=\"og:image\" content=\"https:\/\/geosas.fr\/web\/wp-content\/uploads\/2024\/01\/logo_MetaTNT.png\" \/>\n\t<meta property=\"og:image:width\" content=\"280\" \/>\n\t<meta property=\"og:image:height\" content=\"52\" \/>\n\t<meta property=\"og:image:type\" content=\"image\/png\" \/>\n<meta name=\"twitter:card\" content=\"summary_large_image\" \/>\n<meta name=\"twitter:label1\" content=\"Est. reading time\" \/>\n\t<meta name=\"twitter:data1\" content=\"2 minutes\" \/>\n<script type=\"application\/ld+json\" class=\"yoast-schema-graph\">{\"@context\":\"https:\/\/schema.org\",\"@graph\":[{\"@type\":\"WebPage\",\"@id\":\"https:\/\/geosas.fr\/web\/?page_id=6203\",\"url\":\"https:\/\/geosas.fr\/web\/?page_id=6203\",\"name\":\"M\u00e9ta-TNT - G\u00e9oSAS\",\"isPartOf\":{\"@id\":\"https:\/\/geosas.fr\/web\/#website\"},\"primaryImageOfPage\":{\"@id\":\"https:\/\/geosas.fr\/web\/?page_id=6203#primaryimage\"},\"image\":{\"@id\":\"https:\/\/geosas.fr\/web\/?page_id=6203#primaryimage\"},\"thumbnailUrl\":\"https:\/\/geosas.fr\/web\/wp-content\/uploads\/2024\/01\/logo_MetaTNT.png\",\"datePublished\":\"2024-01-17T17:26:19+00:00\",\"dateModified\":\"2025-12-11T16:18:46+00:00\",\"breadcrumb\":{\"@id\":\"https:\/\/geosas.fr\/web\/?page_id=6203#breadcrumb\"},\"inLanguage\":\"fr-FR\",\"potentialAction\":[{\"@type\":\"ReadAction\",\"target\":[\"https:\/\/geosas.fr\/web\/?page_id=6203\"]}]},{\"@type\":\"ImageObject\",\"inLanguage\":\"fr-FR\",\"@id\":\"https:\/\/geosas.fr\/web\/?page_id=6203#primaryimage\",\"url\":\"https:\/\/geosas.fr\/web\/wp-content\/uploads\/2024\/01\/logo_MetaTNT.png\",\"contentUrl\":\"https:\/\/geosas.fr\/web\/wp-content\/uploads\/2024\/01\/logo_MetaTNT.png\",\"width\":280,\"height\":52},{\"@type\":\"BreadcrumbList\",\"@id\":\"https:\/\/geosas.fr\/web\/?page_id=6203#breadcrumb\",\"itemListElement\":[{\"@type\":\"ListItem\",\"position\":1,\"name\":\"Home\",\"item\":\"https:\/\/geosas.fr\/web\/\"},{\"@type\":\"ListItem\",\"position\":2,\"name\":\"M\u00e9ta-TNT\"}]},{\"@type\":\"WebSite\",\"@id\":\"https:\/\/geosas.fr\/web\/#website\",\"url\":\"https:\/\/geosas.fr\/web\/\",\"name\":\"G\u00e9oSAS\",\"description\":\"Portail de l&#039;information g\u00e9ographique de l&#039;UMR SAS - INRAE - Institut Agro\",\"publisher\":{\"@id\":\"https:\/\/geosas.fr\/web\/#organization\"},\"potentialAction\":[{\"@type\":\"SearchAction\",\"target\":{\"@type\":\"EntryPoint\",\"urlTemplate\":\"https:\/\/geosas.fr\/web\/?s={search_term_string}\"},\"query-input\":{\"@type\":\"PropertyValueSpecification\",\"valueRequired\":true,\"valueName\":\"search_term_string\"}}],\"inLanguage\":\"fr-FR\"},{\"@type\":\"Organization\",\"@id\":\"https:\/\/geosas.fr\/web\/#organization\",\"name\":\"G\u00e9oSAS\",\"url\":\"https:\/\/geosas.fr\/web\/\",\"logo\":{\"@type\":\"ImageObject\",\"inLanguage\":\"fr-FR\",\"@id\":\"https:\/\/geosas.fr\/web\/#\/schema\/logo\/image\/\",\"url\":\"https:\/\/geosas.fr\/web\/wp-content\/uploads\/2021\/03\/cropped-Moyen-logo-BleuF-2.png\",\"contentUrl\":\"https:\/\/geosas.fr\/web\/wp-content\/uploads\/2021\/03\/cropped-Moyen-logo-BleuF-2.png\",\"width\":358,\"height\":90,\"caption\":\"G\u00e9oSAS\"},\"image\":{\"@id\":\"https:\/\/geosas.fr\/web\/#\/schema\/logo\/image\/\"}}]}<\/script>\n<!-- \/ Yoast SEO plugin. -->","yoast_head_json":{"title":"M\u00e9ta-TNT - G\u00e9oSAS","robots":{"index":"index","follow":"follow","max-snippet":"max-snippet:-1","max-image-preview":"max-image-preview:large","max-video-preview":"max-video-preview:-1"},"canonical":"https:\/\/geosas.fr\/web\/?page_id=6203","og_locale":"fr_FR","og_type":"article","og_title":"M\u00e9ta-TNT - G\u00e9oSAS","og_description":"Un outil de cr\u00e9ation de r\u00e9f\u00e9rentiels g\u00e9ographiques et temporels pour la mod\u00e9lisation des flux d&rsquo;azote. ContexteLes outils de mod\u00e9lisation environnementale mobilisent des jeux de donn\u00e9es &hellip;","og_url":"https:\/\/geosas.fr\/web\/?page_id=6203","og_site_name":"G\u00e9oSAS","article_modified_time":"2025-12-11T16:18:46+00:00","og_image":[{"width":280,"height":52,"url":"https:\/\/geosas.fr\/web\/wp-content\/uploads\/2024\/01\/logo_MetaTNT.png","type":"image\/png"}],"twitter_card":"summary_large_image","twitter_misc":{"Est. reading time":"2 minutes"},"schema":{"@context":"https:\/\/schema.org","@graph":[{"@type":"WebPage","@id":"https:\/\/geosas.fr\/web\/?page_id=6203","url":"https:\/\/geosas.fr\/web\/?page_id=6203","name":"M\u00e9ta-TNT - G\u00e9oSAS","isPartOf":{"@id":"https:\/\/geosas.fr\/web\/#website"},"primaryImageOfPage":{"@id":"https:\/\/geosas.fr\/web\/?page_id=6203#primaryimage"},"image":{"@id":"https:\/\/geosas.fr\/web\/?page_id=6203#primaryimage"},"thumbnailUrl":"https:\/\/geosas.fr\/web\/wp-content\/uploads\/2024\/01\/logo_MetaTNT.png","datePublished":"2024-01-17T17:26:19+00:00","dateModified":"2025-12-11T16:18:46+00:00","breadcrumb":{"@id":"https:\/\/geosas.fr\/web\/?page_id=6203#breadcrumb"},"inLanguage":"fr-FR","potentialAction":[{"@type":"ReadAction","target":["https:\/\/geosas.fr\/web\/?page_id=6203"]}]},{"@type":"ImageObject","inLanguage":"fr-FR","@id":"https:\/\/geosas.fr\/web\/?page_id=6203#primaryimage","url":"https:\/\/geosas.fr\/web\/wp-content\/uploads\/2024\/01\/logo_MetaTNT.png","contentUrl":"https:\/\/geosas.fr\/web\/wp-content\/uploads\/2024\/01\/logo_MetaTNT.png","width":280,"height":52},{"@type":"BreadcrumbList","@id":"https:\/\/geosas.fr\/web\/?page_id=6203#breadcrumb","itemListElement":[{"@type":"ListItem","position":1,"name":"Home","item":"https:\/\/geosas.fr\/web\/"},{"@type":"ListItem","position":2,"name":"M\u00e9ta-TNT"}]},{"@type":"WebSite","@id":"https:\/\/geosas.fr\/web\/#website","url":"https:\/\/geosas.fr\/web\/","name":"G\u00e9oSAS","description":"Portail de l&#039;information g\u00e9ographique de l&#039;UMR SAS - INRAE - Institut Agro","publisher":{"@id":"https:\/\/geosas.fr\/web\/#organization"},"potentialAction":[{"@type":"SearchAction","target":{"@type":"EntryPoint","urlTemplate":"https:\/\/geosas.fr\/web\/?s={search_term_string}"},"query-input":{"@type":"PropertyValueSpecification","valueRequired":true,"valueName":"search_term_string"}}],"inLanguage":"fr-FR"},{"@type":"Organization","@id":"https:\/\/geosas.fr\/web\/#organization","name":"G\u00e9oSAS","url":"https:\/\/geosas.fr\/web\/","logo":{"@type":"ImageObject","inLanguage":"fr-FR","@id":"https:\/\/geosas.fr\/web\/#\/schema\/logo\/image\/","url":"https:\/\/geosas.fr\/web\/wp-content\/uploads\/2021\/03\/cropped-Moyen-logo-BleuF-2.png","contentUrl":"https:\/\/geosas.fr\/web\/wp-content\/uploads\/2021\/03\/cropped-Moyen-logo-BleuF-2.png","width":358,"height":90,"caption":"G\u00e9oSAS"},"image":{"@id":"https:\/\/geosas.fr\/web\/#\/schema\/logo\/image\/"}}]}},"_links":{"self":[{"href":"https:\/\/geosas.fr\/web\/index.php?rest_route=\/wp\/v2\/pages\/6203","targetHints":{"allow":["GET"]}}],"collection":[{"href":"https:\/\/geosas.fr\/web\/index.php?rest_route=\/wp\/v2\/pages"}],"about":[{"href":"https:\/\/geosas.fr\/web\/index.php?rest_route=\/wp\/v2\/types\/page"}],"author":[{"embeddable":true,"href":"https:\/\/geosas.fr\/web\/index.php?rest_route=\/wp\/v2\/users\/1"}],"replies":[{"embeddable":true,"href":"https:\/\/geosas.fr\/web\/index.php?rest_route=%2Fwp%2Fv2%2Fcomments&post=6203"}],"version-history":[{"count":12,"href":"https:\/\/geosas.fr\/web\/index.php?rest_route=\/wp\/v2\/pages\/6203\/revisions"}],"predecessor-version":[{"id":6596,"href":"https:\/\/geosas.fr\/web\/index.php?rest_route=\/wp\/v2\/pages\/6203\/revisions\/6596"}],"wp:featuredmedia":[{"embeddable":true,"href":"https:\/\/geosas.fr\/web\/index.php?rest_route=\/wp\/v2\/media\/6206"}],"wp:attachment":[{"href":"https:\/\/geosas.fr\/web\/index.php?rest_route=%2Fwp%2Fv2%2Fmedia&parent=6203"}],"curies":[{"name":"wp","href":"https:\/\/api.w.org\/{rel}","templated":true}]}}