{"id":2256,"date":"2017-07-05T14:23:17","date_gmt":"2017-07-05T13:23:17","guid":{"rendered":"http:\/\/geowww.agrocampus-ouest.fr\/web\/?page_id=2256"},"modified":"2025-12-09T23:51:07","modified_gmt":"2025-12-09T22:51:07","slug":"mentions-legales-du-site-geosas","status":"publish","type":"page","link":"https:\/\/geosas.fr\/web\/?page_id=2256","title":{"rendered":"Mentions l\u00e9gales du site G\u00e9oSAS"},"content":{"rendered":"<p>L&rsquo;\u00e9cosyst\u00e8me de services num\u00e9riques <strong>G\u00e9oSAS<\/strong> est d\u00e9velopp\u00e9 par l\u2019Unit\u00e9 Mixte de Recherche Sol Agro hydrosyst\u00e8me Spatialisation (UMR SAS), INRAE, Institut-Agro, 65 Rue de Saint Brieuc, 35042 Rennes cedex.<\/p>\n<h3 id=\"heading_fca3sdzf8\">H\u00e9bergement<\/h3>\n<p>L&rsquo;ensemble des services de G\u00e9oSAS sont h\u00e9berg\u00e9s par la Direction des Syst\u00e8mes d&rsquo;Information de l&rsquo;Institut Agro Rennes Angers, 65 Rue de Saint Brieuc, 35042 Rennes cedex.<\/p>\n<h3 id=\"heading_8v5whp3p8\">Directeur de la publication<\/h3>\n<p><strong>Jo\u00ebl Aubin<\/strong>, directeur de l&rsquo;Unit\u00e9 Mixte de Recherche Sol Agro hydrosyst\u00e8me Spatialisation<\/p>\n<h3 id=\"heading_8v5whp3p8\">Responsable de la plateforme<\/h3>\n<p><strong>Herv\u00e9 Squividant<\/strong>, ing\u00e9nieur de recherche \u00e0 l&rsquo;Institut Agro Rennes-Angers<\/p>\n<h3 id=\"heading_lg1uma904\">Droits d&rsquo;auteur et propri\u00e9t\u00e9 intellectuelle<\/h3>\n<p>L&rsquo;ensemble de ce site rel\u00e8ve de la l\u00e9gislation fran\u00e7aise et internationale sur le droit d&rsquo;auteur et la propri\u00e9t\u00e9 intellectuelle. Tous les droits de reproduction sont r\u00e9serv\u00e9s. De nombreux contenus disponibles sur le portail sont librement r\u00e9utilisables ; dans ces cas, une licence de r\u00e9utilisation est visible<\/p>\n<h3 id=\"heading_3pkum9r5m\">Liens hypertextes<\/h3>\n<p>Le site peut inclure des liens vers d&rsquo;autres sites Web ou d&rsquo;autres sources Internet. Dans la mesure o\u00f9 G\u00e9oSAS ne peut contr\u00f4ler ces sites et ces sources externes, il ne peut \u00eatre tenu pour responsable de la mise \u00e0 disposition de ces sites et sources externes, et ne peut supporter aucune responsabilit\u00e9 quant au contenu, publicit\u00e9s, produits, services ou tout autre mat\u00e9riel disponible sur ou \u00e0 partir de ces sites ou sources externes. De plus, G\u00e9oSAS ne pourra \u00eatre tenu responsable de tous dommages ou pertes av\u00e9r\u00e9s ou all\u00e9gu\u00e9s cons\u00e9cutifs ou en relation avec l&rsquo;utilisation ou avec le fait d&rsquo;avoir fait confiance au contenu, \u00e0 des biens ou des services disponibles sur ces sites ou sources externes.<\/p>\n","protected":false},"excerpt":{"rendered":"<p>L&rsquo;\u00e9cosyst\u00e8me de services num\u00e9riques G\u00e9oSAS est d\u00e9velopp\u00e9 par l\u2019Unit\u00e9 Mixte de Recherche Sol Agro hydrosyst\u00e8me Spatialisation (UMR SAS), INRAE, Institut-Agro, 65 Rue de Saint Brieuc, &hellip; <\/p>\n","protected":false},"author":1,"featured_media":0,"parent":0,"menu_order":0,"comment_status":"closed","ping_status":"closed","template":"","meta":{"footnotes":""},"class_list":["post-2256","page","type-page","status-publish","hentry"],"yoast_head":"<!-- This site is optimized with the Yoast SEO plugin v24.7 - https:\/\/yoast.com\/wordpress\/plugins\/seo\/ -->\n<title>Mentions l\u00e9gales du site G\u00e9oSAS - G\u00e9oSAS<\/title>\n<meta name=\"robots\" content=\"index, follow, max-snippet:-1, max-image-preview:large, max-video-preview:-1\" \/>\n<link rel=\"canonical\" href=\"https:\/\/geosas.fr\/web\/?page_id=2256\" \/>\n<meta property=\"og:locale\" content=\"fr_FR\" \/>\n<meta property=\"og:type\" content=\"article\" \/>\n<meta property=\"og:title\" content=\"Mentions l\u00e9gales du site G\u00e9oSAS - G\u00e9oSAS\" \/>\n<meta property=\"og:description\" content=\"L&rsquo;\u00e9cosyst\u00e8me de services num\u00e9riques G\u00e9oSAS est d\u00e9velopp\u00e9 par l\u2019Unit\u00e9 Mixte de Recherche Sol Agro hydrosyst\u00e8me Spatialisation (UMR SAS), INRAE, Institut-Agro, 65 Rue de Saint Brieuc, &hellip;\" \/>\n<meta property=\"og:url\" content=\"https:\/\/geosas.fr\/web\/?page_id=2256\" \/>\n<meta property=\"og:site_name\" content=\"G\u00e9oSAS\" \/>\n<meta property=\"article:modified_time\" content=\"2025-12-09T22:51:07+00:00\" \/>\n<meta property=\"og:image\" content=\"https:\/\/geosas.fr\/web\/wp-content\/uploads\/2021\/03\/cropped-Moyen-logo-BleuF-2.png\" \/>\n\t<meta property=\"og:image:width\" content=\"358\" \/>\n\t<meta property=\"og:image:height\" content=\"90\" \/>\n\t<meta property=\"og:image:type\" content=\"image\/png\" \/>\n<meta name=\"twitter:card\" content=\"summary_large_image\" \/>\n<meta name=\"twitter:label1\" content=\"Est. reading time\" \/>\n\t<meta name=\"twitter:data1\" content=\"1 minute\" \/>\n<script type=\"application\/ld+json\" class=\"yoast-schema-graph\">{\"@context\":\"https:\/\/schema.org\",\"@graph\":[{\"@type\":\"WebPage\",\"@id\":\"https:\/\/geosas.fr\/web\/?page_id=2256\",\"url\":\"https:\/\/geosas.fr\/web\/?page_id=2256\",\"name\":\"Mentions l\u00e9gales du site G\u00e9oSAS - G\u00e9oSAS\",\"isPartOf\":{\"@id\":\"https:\/\/geosas.fr\/web\/#website\"},\"datePublished\":\"2017-07-05T13:23:17+00:00\",\"dateModified\":\"2025-12-09T22:51:07+00:00\",\"breadcrumb\":{\"@id\":\"https:\/\/geosas.fr\/web\/?page_id=2256#breadcrumb\"},\"inLanguage\":\"fr-FR\",\"potentialAction\":[{\"@type\":\"ReadAction\",\"target\":[\"https:\/\/geosas.fr\/web\/?page_id=2256\"]}]},{\"@type\":\"BreadcrumbList\",\"@id\":\"https:\/\/geosas.fr\/web\/?page_id=2256#breadcrumb\",\"itemListElement\":[{\"@type\":\"ListItem\",\"position\":1,\"name\":\"Home\",\"item\":\"https:\/\/geosas.fr\/web\/\"},{\"@type\":\"ListItem\",\"position\":2,\"name\":\"Mentions l\u00e9gales du site G\u00e9oSAS\"}]},{\"@type\":\"WebSite\",\"@id\":\"https:\/\/geosas.fr\/web\/#website\",\"url\":\"https:\/\/geosas.fr\/web\/\",\"name\":\"G\u00e9oSAS\",\"description\":\"Portail de l&#039;information g\u00e9ographique et temporelle de l&#039;UMR SAS - INRAE - Institut Agro\",\"publisher\":{\"@id\":\"https:\/\/geosas.fr\/web\/#organization\"},\"potentialAction\":[{\"@type\":\"SearchAction\",\"target\":{\"@type\":\"EntryPoint\",\"urlTemplate\":\"https:\/\/geosas.fr\/web\/?s={search_term_string}\"},\"query-input\":{\"@type\":\"PropertyValueSpecification\",\"valueRequired\":true,\"valueName\":\"search_term_string\"}}],\"inLanguage\":\"fr-FR\"},{\"@type\":\"Organization\",\"@id\":\"https:\/\/geosas.fr\/web\/#organization\",\"name\":\"G\u00e9oSAS\",\"url\":\"https:\/\/geosas.fr\/web\/\",\"logo\":{\"@type\":\"ImageObject\",\"inLanguage\":\"fr-FR\",\"@id\":\"https:\/\/geosas.fr\/web\/#\/schema\/logo\/image\/\",\"url\":\"https:\/\/geosas.fr\/web\/wp-content\/uploads\/2021\/03\/cropped-Moyen-logo-BleuF-2.png\",\"contentUrl\":\"https:\/\/geosas.fr\/web\/wp-content\/uploads\/2021\/03\/cropped-Moyen-logo-BleuF-2.png\",\"width\":358,\"height\":90,\"caption\":\"G\u00e9oSAS\"},\"image\":{\"@id\":\"https:\/\/geosas.fr\/web\/#\/schema\/logo\/image\/\"}}]}<\/script>\n<!-- \/ Yoast SEO plugin. -->","yoast_head_json":{"title":"Mentions l\u00e9gales du site G\u00e9oSAS - G\u00e9oSAS","robots":{"index":"index","follow":"follow","max-snippet":"max-snippet:-1","max-image-preview":"max-image-preview:large","max-video-preview":"max-video-preview:-1"},"canonical":"https:\/\/geosas.fr\/web\/?page_id=2256","og_locale":"fr_FR","og_type":"article","og_title":"Mentions l\u00e9gales du site G\u00e9oSAS - G\u00e9oSAS","og_description":"L&rsquo;\u00e9cosyst\u00e8me de services num\u00e9riques G\u00e9oSAS est d\u00e9velopp\u00e9 par l\u2019Unit\u00e9 Mixte de Recherche Sol Agro hydrosyst\u00e8me Spatialisation (UMR SAS), INRAE, Institut-Agro, 65 Rue de Saint Brieuc, &hellip;","og_url":"https:\/\/geosas.fr\/web\/?page_id=2256","og_site_name":"G\u00e9oSAS","article_modified_time":"2025-12-09T22:51:07+00:00","og_image":[{"width":358,"height":90,"url":"https:\/\/geosas.fr\/web\/wp-content\/uploads\/2021\/03\/cropped-Moyen-logo-BleuF-2.png","type":"image\/png"}],"twitter_card":"summary_large_image","twitter_misc":{"Est. reading time":"1 minute"},"schema":{"@context":"https:\/\/schema.org","@graph":[{"@type":"WebPage","@id":"https:\/\/geosas.fr\/web\/?page_id=2256","url":"https:\/\/geosas.fr\/web\/?page_id=2256","name":"Mentions l\u00e9gales du site G\u00e9oSAS - G\u00e9oSAS","isPartOf":{"@id":"https:\/\/geosas.fr\/web\/#website"},"datePublished":"2017-07-05T13:23:17+00:00","dateModified":"2025-12-09T22:51:07+00:00","breadcrumb":{"@id":"https:\/\/geosas.fr\/web\/?page_id=2256#breadcrumb"},"inLanguage":"fr-FR","potentialAction":[{"@type":"ReadAction","target":["https:\/\/geosas.fr\/web\/?page_id=2256"]}]},{"@type":"BreadcrumbList","@id":"https:\/\/geosas.fr\/web\/?page_id=2256#breadcrumb","itemListElement":[{"@type":"ListItem","position":1,"name":"Home","item":"https:\/\/geosas.fr\/web\/"},{"@type":"ListItem","position":2,"name":"Mentions l\u00e9gales du site G\u00e9oSAS"}]},{"@type":"WebSite","@id":"https:\/\/geosas.fr\/web\/#website","url":"https:\/\/geosas.fr\/web\/","name":"G\u00e9oSAS","description":"Portail de l&#039;information g\u00e9ographique et temporelle de l&#039;UMR SAS - INRAE - Institut Agro","publisher":{"@id":"https:\/\/geosas.fr\/web\/#organization"},"potentialAction":[{"@type":"SearchAction","target":{"@type":"EntryPoint","urlTemplate":"https:\/\/geosas.fr\/web\/?s={search_term_string}"},"query-input":{"@type":"PropertyValueSpecification","valueRequired":true,"valueName":"search_term_string"}}],"inLanguage":"fr-FR"},{"@type":"Organization","@id":"https:\/\/geosas.fr\/web\/#organization","name":"G\u00e9oSAS","url":"https:\/\/geosas.fr\/web\/","logo":{"@type":"ImageObject","inLanguage":"fr-FR","@id":"https:\/\/geosas.fr\/web\/#\/schema\/logo\/image\/","url":"https:\/\/geosas.fr\/web\/wp-content\/uploads\/2021\/03\/cropped-Moyen-logo-BleuF-2.png","contentUrl":"https:\/\/geosas.fr\/web\/wp-content\/uploads\/2021\/03\/cropped-Moyen-logo-BleuF-2.png","width":358,"height":90,"caption":"G\u00e9oSAS"},"image":{"@id":"https:\/\/geosas.fr\/web\/#\/schema\/logo\/image\/"}}]}},"_links":{"self":[{"href":"https:\/\/geosas.fr\/web\/index.php?rest_route=\/wp\/v2\/pages\/2256","targetHints":{"allow":["GET"]}}],"collection":[{"href":"https:\/\/geosas.fr\/web\/index.php?rest_route=\/wp\/v2\/pages"}],"about":[{"href":"https:\/\/geosas.fr\/web\/index.php?rest_route=\/wp\/v2\/types\/page"}],"author":[{"embeddable":true,"href":"https:\/\/geosas.fr\/web\/index.php?rest_route=\/wp\/v2\/users\/1"}],"replies":[{"embeddable":true,"href":"https:\/\/geosas.fr\/web\/index.php?rest_route=%2Fwp%2Fv2%2Fcomments&post=2256"}],"version-history":[{"count":5,"href":"https:\/\/geosas.fr\/web\/index.php?rest_route=\/wp\/v2\/pages\/2256\/revisions"}],"predecessor-version":[{"id":6590,"href":"https:\/\/geosas.fr\/web\/index.php?rest_route=\/wp\/v2\/pages\/2256\/revisions\/6590"}],"wp:attachment":[{"href":"https:\/\/geosas.fr\/web\/index.php?rest_route=%2Fwp%2Fv2%2Fmedia&parent=2256"}],"curies":[{"name":"wp","href":"https:\/\/api.w.org\/{rel}","templated":true}]}}