{"id":1725,"date":"2014-11-26T11:10:27","date_gmt":"2014-11-26T10:10:27","guid":{"rendered":"http:\/\/geowww.agrocampus-ouest.fr\/web\/?page_id=1725"},"modified":"2026-03-01T22:46:24","modified_gmt":"2026-03-01T21:46:24","slug":"sols-de-bretagne","status":"publish","type":"page","link":"https:\/\/geosas.fr\/web\/?page_id=1725","title":{"rendered":"Sols de Bretagne"},"content":{"rendered":"<p>Port\u00e9 par l&rsquo;Institut Agro Rennes-Angers, le projet <a href=\"http:\/\/www.sols-de-bretagne.fr\/\">Sols de Bretagne<\/a> a pour objectifs d\u2019organiser la connaissance des sols, de la relier aux usages qui en sont faits et de g\u00e9rer r\u00e9gionalement les informations li\u00e9es au sol. Il s\u2019agit de constituer un R\u00e9f\u00e9rentiel R\u00e9gional P\u00e9dologique (RRP) qui permette d\u2019identifier, d\u00e9finir et localiser les principaux types de sols.<\/p>\n<h6><strong>Objectifs<\/strong><\/h6>\n<ul>\n<li>Publier conform\u00e9ment \u00e0 la directive INSPIRE les <strong>donn\u00e9es p\u00e9dologiques g\u00e9ographiques<\/strong> produites dans le cadre de <em>Sols de Bretagne,<\/em><\/li>\n<li>Proposer un <strong>portail cartographique d\u00e9di\u00e9<\/strong> \u00e0 <em>Sols de Bretagne<\/em> permettant la visualisation et le t\u00e9l\u00e9chargement des donn\u00e9es cartographiques et des s\u00e9ries temporelles acquises, expertis\u00e9es, archiv\u00e9es et publi\u00e9es.<\/li>\n<\/ul>\n<h6>\u00a0\u00a0<strong>Partenaires &#8211; Financement<br \/>\n<\/strong><\/h6>\n<ul>\n<li>Le financement de Sols de Bretagne est assur\u00e9 par le <strong>Conseil R\u00e9gional de Bretagne<\/strong>,<\/li>\n<li>Sols de Bretagne est une d\u00e9clinaison r\u00e9gionale du programme national d&rsquo;Inventaire, de gestion et de conservation des sols (<a href=\"http:\/\/www.gissol.fr\/programme\/igcs\/igcs.php\">IGCS<\/a>)<\/li>\n<\/ul>\n<h6>\u00a0<strong>Outils et donn\u00e9es disponibles<\/strong><\/h6>\n<p><a href=\"https:\/\/geosas.fr\/solsdebretagne\/\"><img loading=\"lazy\" decoding=\"async\" class=\"alignnone wp-image-3853 size-full\" src=\"https:\/\/geosas.fr\/web\/wp-content\/uploads\/2014\/11\/portail-SDB-1.png\" alt=\"\" width=\"1182\" height=\"689\" srcset=\"https:\/\/geosas.fr\/web\/wp-content\/uploads\/2014\/11\/portail-SDB-1.png 1182w, https:\/\/geosas.fr\/web\/wp-content\/uploads\/2014\/11\/portail-SDB-1-300x175.png 300w, https:\/\/geosas.fr\/web\/wp-content\/uploads\/2014\/11\/portail-SDB-1-1024x597.png 1024w, https:\/\/geosas.fr\/web\/wp-content\/uploads\/2014\/11\/portail-SDB-1-768x448.png 768w\" sizes=\"auto, (max-width: 1182px) 100vw, 1182px\" \/><\/a><\/p>\n<ul>\n<li><a href=\"https:\/\/geosas.fr\/geonetwork\/srv\/fre\/catalog.search#\/search?resultType=details&amp;sortBy=relevance&amp;any=Sols%20de%20Bretagne&amp;from=1&amp;to=20\">Interface du portail cartographique<\/a><strong><br \/>\n<\/strong><\/li>\n<li><a href=\"https:\/\/geosas.fr\/solsdebretagne\/\">Donn\u00e9es cartographiques de Sols de Bretagne<\/a><\/li>\n<\/ul>\n<h6><strong>Rapport d\u2019utilisation des donn\u00e9es cartographiques produites et publi\u00e9es par <em>Sols de Bretagne<\/em> pour l\u2019ann\u00e9e 2019<\/strong><\/h6>\n<p><img loading=\"lazy\" decoding=\"async\" class=\"alignnone size-full wp-image-3126\" src=\"https:\/\/geosas.fr\/web\/wp-content\/uploads\/2014\/11\/graylog_sdb_2019.png\" alt=\"\" width=\"744\" height=\"852\" srcset=\"https:\/\/geosas.fr\/web\/wp-content\/uploads\/2014\/11\/graylog_sdb_2019.png 744w, https:\/\/geosas.fr\/web\/wp-content\/uploads\/2014\/11\/graylog_sdb_2019-262x300.png 262w\" sizes=\"auto, (max-width: 744px) 100vw, 744px\" \/><\/p>\n<h6><strong>Ressources humaines<\/strong><\/h6>\n<ul>\n<li><span style=\"font-family: Times New Roman, serif;\"><span style=\"font-size: medium;\"><span lang=\"fr-FR\">P\u00e9dologie\u00a0: <\/span><\/span><\/span><span style=\"font-family: Times New Roman, serif;\"><span style=\"font-size: medium;\"><span lang=\"fr-FR\">Blandine Lemercier, <\/span><\/span><\/span><span style=\"font-family: Times New Roman, serif;\"><span style=\"font-size: medium;\"><span lang=\"fr-FR\">S\u00e9bastien Vincent, <\/span><\/span><\/span><\/li>\n<li><span style=\"font-family: Times New Roman, serif;\"><span style=\"font-size: medium;\"><span lang=\"fr-FR\">D\u00e9veloppements informatiques\u00a0: <\/span><\/span><\/span><span style=\"font-family: Times New Roman, serif;\"><span style=\"font-size: medium;\"><span lang=\"fr-FR\">Pascal Pichelin, <\/span><\/span><\/span><\/li>\n<li><span style=\"font-family: Times New Roman, serif;\"><span style=\"font-size: medium;\"><span lang=\"fr-FR\">Encadrement des d\u00e9veloppements informatiques : Herv\u00e9 Squividant. <\/span><\/span><\/span><\/li>\n<\/ul>\n<h6><strong>\u00a0<\/strong><\/h6>\n","protected":false},"excerpt":{"rendered":"<p>Port\u00e9 par l&rsquo;Institut Agro Rennes-Angers, le projet Sols de Bretagne a pour objectifs d\u2019organiser la connaissance des sols, de la relier aux usages qui en &hellip; <\/p>\n","protected":false},"author":1,"featured_media":2829,"parent":0,"menu_order":2,"comment_status":"closed","ping_status":"closed","template":"","meta":{"footnotes":""},"class_list":["post-1725","page","type-page","status-publish","has-post-thumbnail","hentry"],"yoast_head":"<!-- This site is optimized with the Yoast SEO plugin v24.7 - https:\/\/yoast.com\/wordpress\/plugins\/seo\/ -->\n<title>Sols de Bretagne - G\u00e9oSAS<\/title>\n<meta name=\"description\" content=\"Projet Sols de Bretagne pour constituer un R\u00e9f\u00e9rentiel R\u00e9gional P\u00e9dologique pour identifier, d\u00e9finir et localiser les principaux types de sols.\" \/>\n<meta name=\"robots\" content=\"index, follow, max-snippet:-1, max-image-preview:large, max-video-preview:-1\" \/>\n<link rel=\"canonical\" href=\"https:\/\/geosas.fr\/web\/?page_id=1725\" \/>\n<meta property=\"og:locale\" content=\"fr_FR\" \/>\n<meta property=\"og:type\" content=\"article\" \/>\n<meta property=\"og:title\" content=\"Sols de Bretagne - G\u00e9oSAS\" \/>\n<meta property=\"og:description\" content=\"Projet Sols de Bretagne pour constituer un R\u00e9f\u00e9rentiel R\u00e9gional P\u00e9dologique pour identifier, d\u00e9finir et localiser les principaux types de sols.\" \/>\n<meta property=\"og:url\" content=\"https:\/\/geosas.fr\/web\/?page_id=1725\" \/>\n<meta property=\"og:site_name\" content=\"G\u00e9oSAS\" \/>\n<meta property=\"article:modified_time\" content=\"2026-03-01T21:46:24+00:00\" \/>\n<meta property=\"og:image\" content=\"https:\/\/geosas.fr\/web\/wp-content\/uploads\/2014\/11\/logo-sols-de-bretagne2.png\" \/>\n\t<meta property=\"og:image:width\" content=\"140\" \/>\n\t<meta property=\"og:image:height\" content=\"80\" \/>\n\t<meta property=\"og:image:type\" content=\"image\/png\" \/>\n<meta name=\"twitter:card\" content=\"summary_large_image\" \/>\n<meta name=\"twitter:label1\" content=\"Est. reading time\" \/>\n\t<meta name=\"twitter:data1\" content=\"1 minute\" \/>\n<script type=\"application\/ld+json\" class=\"yoast-schema-graph\">{\"@context\":\"https:\/\/schema.org\",\"@graph\":[{\"@type\":\"WebPage\",\"@id\":\"https:\/\/geosas.fr\/web\/?page_id=1725\",\"url\":\"https:\/\/geosas.fr\/web\/?page_id=1725\",\"name\":\"Sols de Bretagne - G\u00e9oSAS\",\"isPartOf\":{\"@id\":\"https:\/\/geosas.fr\/web\/#website\"},\"primaryImageOfPage\":{\"@id\":\"https:\/\/geosas.fr\/web\/?page_id=1725#primaryimage\"},\"image\":{\"@id\":\"https:\/\/geosas.fr\/web\/?page_id=1725#primaryimage\"},\"thumbnailUrl\":\"https:\/\/geosas.fr\/web\/wp-content\/uploads\/2014\/11\/logo-sols-de-bretagne2.png\",\"datePublished\":\"2014-11-26T10:10:27+00:00\",\"dateModified\":\"2026-03-01T21:46:24+00:00\",\"description\":\"Projet Sols de Bretagne pour constituer un R\u00e9f\u00e9rentiel R\u00e9gional P\u00e9dologique pour identifier, d\u00e9finir et localiser les principaux types de sols.\",\"breadcrumb\":{\"@id\":\"https:\/\/geosas.fr\/web\/?page_id=1725#breadcrumb\"},\"inLanguage\":\"fr-FR\",\"potentialAction\":[{\"@type\":\"ReadAction\",\"target\":[\"https:\/\/geosas.fr\/web\/?page_id=1725\"]}]},{\"@type\":\"ImageObject\",\"inLanguage\":\"fr-FR\",\"@id\":\"https:\/\/geosas.fr\/web\/?page_id=1725#primaryimage\",\"url\":\"https:\/\/geosas.fr\/web\/wp-content\/uploads\/2014\/11\/logo-sols-de-bretagne2.png\",\"contentUrl\":\"https:\/\/geosas.fr\/web\/wp-content\/uploads\/2014\/11\/logo-sols-de-bretagne2.png\",\"width\":140,\"height\":80},{\"@type\":\"BreadcrumbList\",\"@id\":\"https:\/\/geosas.fr\/web\/?page_id=1725#breadcrumb\",\"itemListElement\":[{\"@type\":\"ListItem\",\"position\":1,\"name\":\"Home\",\"item\":\"https:\/\/geosas.fr\/web\/\"},{\"@type\":\"ListItem\",\"position\":2,\"name\":\"Sols de Bretagne\"}]},{\"@type\":\"WebSite\",\"@id\":\"https:\/\/geosas.fr\/web\/#website\",\"url\":\"https:\/\/geosas.fr\/web\/\",\"name\":\"G\u00e9oSAS\",\"description\":\"Portail de l&#039;information g\u00e9ographique et temporelle de l&#039;UMR SAS - INRAE - Institut Agro\",\"publisher\":{\"@id\":\"https:\/\/geosas.fr\/web\/#organization\"},\"potentialAction\":[{\"@type\":\"SearchAction\",\"target\":{\"@type\":\"EntryPoint\",\"urlTemplate\":\"https:\/\/geosas.fr\/web\/?s={search_term_string}\"},\"query-input\":{\"@type\":\"PropertyValueSpecification\",\"valueRequired\":true,\"valueName\":\"search_term_string\"}}],\"inLanguage\":\"fr-FR\"},{\"@type\":\"Organization\",\"@id\":\"https:\/\/geosas.fr\/web\/#organization\",\"name\":\"G\u00e9oSAS\",\"url\":\"https:\/\/geosas.fr\/web\/\",\"logo\":{\"@type\":\"ImageObject\",\"inLanguage\":\"fr-FR\",\"@id\":\"https:\/\/geosas.fr\/web\/#\/schema\/logo\/image\/\",\"url\":\"https:\/\/geosas.fr\/web\/wp-content\/uploads\/2021\/03\/cropped-Moyen-logo-BleuF-2.png\",\"contentUrl\":\"https:\/\/geosas.fr\/web\/wp-content\/uploads\/2021\/03\/cropped-Moyen-logo-BleuF-2.png\",\"width\":358,\"height\":90,\"caption\":\"G\u00e9oSAS\"},\"image\":{\"@id\":\"https:\/\/geosas.fr\/web\/#\/schema\/logo\/image\/\"}}]}<\/script>\n<!-- \/ Yoast SEO plugin. -->","yoast_head_json":{"title":"Sols de Bretagne - G\u00e9oSAS","description":"Projet Sols de Bretagne pour constituer un R\u00e9f\u00e9rentiel R\u00e9gional P\u00e9dologique pour identifier, d\u00e9finir et localiser les principaux types de sols.","robots":{"index":"index","follow":"follow","max-snippet":"max-snippet:-1","max-image-preview":"max-image-preview:large","max-video-preview":"max-video-preview:-1"},"canonical":"https:\/\/geosas.fr\/web\/?page_id=1725","og_locale":"fr_FR","og_type":"article","og_title":"Sols de Bretagne - G\u00e9oSAS","og_description":"Projet Sols de Bretagne pour constituer un R\u00e9f\u00e9rentiel R\u00e9gional P\u00e9dologique pour identifier, d\u00e9finir et localiser les principaux types de sols.","og_url":"https:\/\/geosas.fr\/web\/?page_id=1725","og_site_name":"G\u00e9oSAS","article_modified_time":"2026-03-01T21:46:24+00:00","og_image":[{"width":140,"height":80,"url":"https:\/\/geosas.fr\/web\/wp-content\/uploads\/2014\/11\/logo-sols-de-bretagne2.png","type":"image\/png"}],"twitter_card":"summary_large_image","twitter_misc":{"Est. reading time":"1 minute"},"schema":{"@context":"https:\/\/schema.org","@graph":[{"@type":"WebPage","@id":"https:\/\/geosas.fr\/web\/?page_id=1725","url":"https:\/\/geosas.fr\/web\/?page_id=1725","name":"Sols de Bretagne - G\u00e9oSAS","isPartOf":{"@id":"https:\/\/geosas.fr\/web\/#website"},"primaryImageOfPage":{"@id":"https:\/\/geosas.fr\/web\/?page_id=1725#primaryimage"},"image":{"@id":"https:\/\/geosas.fr\/web\/?page_id=1725#primaryimage"},"thumbnailUrl":"https:\/\/geosas.fr\/web\/wp-content\/uploads\/2014\/11\/logo-sols-de-bretagne2.png","datePublished":"2014-11-26T10:10:27+00:00","dateModified":"2026-03-01T21:46:24+00:00","description":"Projet Sols de Bretagne pour constituer un R\u00e9f\u00e9rentiel R\u00e9gional P\u00e9dologique pour identifier, d\u00e9finir et localiser les principaux types de sols.","breadcrumb":{"@id":"https:\/\/geosas.fr\/web\/?page_id=1725#breadcrumb"},"inLanguage":"fr-FR","potentialAction":[{"@type":"ReadAction","target":["https:\/\/geosas.fr\/web\/?page_id=1725"]}]},{"@type":"ImageObject","inLanguage":"fr-FR","@id":"https:\/\/geosas.fr\/web\/?page_id=1725#primaryimage","url":"https:\/\/geosas.fr\/web\/wp-content\/uploads\/2014\/11\/logo-sols-de-bretagne2.png","contentUrl":"https:\/\/geosas.fr\/web\/wp-content\/uploads\/2014\/11\/logo-sols-de-bretagne2.png","width":140,"height":80},{"@type":"BreadcrumbList","@id":"https:\/\/geosas.fr\/web\/?page_id=1725#breadcrumb","itemListElement":[{"@type":"ListItem","position":1,"name":"Home","item":"https:\/\/geosas.fr\/web\/"},{"@type":"ListItem","position":2,"name":"Sols de Bretagne"}]},{"@type":"WebSite","@id":"https:\/\/geosas.fr\/web\/#website","url":"https:\/\/geosas.fr\/web\/","name":"G\u00e9oSAS","description":"Portail de l&#039;information g\u00e9ographique et temporelle de l&#039;UMR SAS - INRAE - Institut Agro","publisher":{"@id":"https:\/\/geosas.fr\/web\/#organization"},"potentialAction":[{"@type":"SearchAction","target":{"@type":"EntryPoint","urlTemplate":"https:\/\/geosas.fr\/web\/?s={search_term_string}"},"query-input":{"@type":"PropertyValueSpecification","valueRequired":true,"valueName":"search_term_string"}}],"inLanguage":"fr-FR"},{"@type":"Organization","@id":"https:\/\/geosas.fr\/web\/#organization","name":"G\u00e9oSAS","url":"https:\/\/geosas.fr\/web\/","logo":{"@type":"ImageObject","inLanguage":"fr-FR","@id":"https:\/\/geosas.fr\/web\/#\/schema\/logo\/image\/","url":"https:\/\/geosas.fr\/web\/wp-content\/uploads\/2021\/03\/cropped-Moyen-logo-BleuF-2.png","contentUrl":"https:\/\/geosas.fr\/web\/wp-content\/uploads\/2021\/03\/cropped-Moyen-logo-BleuF-2.png","width":358,"height":90,"caption":"G\u00e9oSAS"},"image":{"@id":"https:\/\/geosas.fr\/web\/#\/schema\/logo\/image\/"}}]}},"_links":{"self":[{"href":"https:\/\/geosas.fr\/web\/index.php?rest_route=\/wp\/v2\/pages\/1725","targetHints":{"allow":["GET"]}}],"collection":[{"href":"https:\/\/geosas.fr\/web\/index.php?rest_route=\/wp\/v2\/pages"}],"about":[{"href":"https:\/\/geosas.fr\/web\/index.php?rest_route=\/wp\/v2\/types\/page"}],"author":[{"embeddable":true,"href":"https:\/\/geosas.fr\/web\/index.php?rest_route=\/wp\/v2\/users\/1"}],"replies":[{"embeddable":true,"href":"https:\/\/geosas.fr\/web\/index.php?rest_route=%2Fwp%2Fv2%2Fcomments&post=1725"}],"version-history":[{"count":4,"href":"https:\/\/geosas.fr\/web\/index.php?rest_route=\/wp\/v2\/pages\/1725\/revisions"}],"predecessor-version":[{"id":6672,"href":"https:\/\/geosas.fr\/web\/index.php?rest_route=\/wp\/v2\/pages\/1725\/revisions\/6672"}],"wp:featuredmedia":[{"embeddable":true,"href":"https:\/\/geosas.fr\/web\/index.php?rest_route=\/wp\/v2\/media\/2829"}],"wp:attachment":[{"href":"https:\/\/geosas.fr\/web\/index.php?rest_route=%2Fwp%2Fv2%2Fmedia&parent=1725"}],"curies":[{"name":"wp","href":"https:\/\/api.w.org\/{rel}","templated":true}]}}