{"id":16,"date":"2011-09-13T08:59:03","date_gmt":"2011-09-13T07:59:03","guid":{"rendered":"http:\/\/127.0.0.1\/wp\/?page_id=16"},"modified":"2026-02-24T13:04:18","modified_gmt":"2026-02-24T12:04:18","slug":"presentation","status":"publish","type":"page","link":"https:\/\/geosas.fr\/web\/?page_id=16","title":{"rendered":"Pr\u00e9sentation"},"content":{"rendered":"<p>G\u00e9oSAS<b> <\/b> est le portail de l&rsquo;information g\u00e9ographique de l&rsquo;Unit\u00e9 Mixte de Recherche Sol Agro et hydrosyst\u00e8mes, Spatialisation (<a href=\"https:\/\/www6.rennes.inra.fr\/umrsas\/\" target=\"_blank\" rel=\"noopener\">UMR SAS<\/a>) INRAE &#8211; L&rsquo;Institut Agro sur les sites de Rennes et de Quimper.<br \/>Lanc\u00e9e en 2010, G\u00e9oSAS est une plateforme destin\u00e9e aux scientifiques et aux projets de recherche de l&rsquo;UMR SAS pour les assister dans une d\u00e9marche d&rsquo;Open Science.<br \/>Cette d\u00e9marche s&rsquo;inscrit dans l&rsquo;objectif double de suivre les pr\u00e9conisations de la directive <a href=\"https:\/\/inspire.ec.europa.eu\/\" target=\"_blank\" rel=\"noopener\">INSPIRE<\/a> (Trouver, Voir, T\u00e9l\u00e9charger), d&rsquo;une part et de r\u00e9pondre aux nouvelles exigences du <a href=\"https:\/\/www.go-fair.org\/fair-principles\/\" target=\"_blank\" rel=\"noopener\">FAIR<\/a> (Findable, Accessible, Interoperable, Reusable) data, d&rsquo;autre part.<br \/>Concr\u00e8tement, cela se traduit par la mise \u00e0 disposition d&rsquo;infrastructures et d&rsquo;outils interop\u00e9rables permettant :<\/p>\n<ul>\n<li>La publication de <strong>donn\u00e9es g\u00e9ographiques<\/strong> produites dans le cadre des projets de l&rsquo;UMR SAS, ainsi que les m\u00e9tadonn\u00e9es associ\u00e9es, conform\u00e9ment \u00e0 la directive INSPIRE,<\/li>\n<li>La publication des <strong>s\u00e9ries temporelles<\/strong> produites par les diff\u00e9rents observatoires port\u00e9s par l&rsquo;UMR SAS,<\/li>\n<li>La publication de <strong>donn\u00e9es qualitatives<\/strong> produites dans le cadre de projets interdisciplinaires m\u00ealant les sciences humaines et sociales (SHS) et les sciences de l&rsquo;environnement,<\/li>\n<li>Le d\u00e9ploiement de services de <strong>mod\u00e9lisation<\/strong> et d&rsquo;outils d&rsquo;<strong>aide \u00e0 la d\u00e9cision<\/strong>.<\/li>\n<\/ul>\n<h6><b>Outils<\/b><\/h6>\n<ul>\n<li>Le <a href=\"https:\/\/geosas.fr\/geonetwork\/srv\/fre\/catalog.search#\/home\" target=\"_blank\" rel=\"noopener\">catalogue<\/a>.\u00a0 Il permet de rechercher les donn\u00e9es et les services publi\u00e9s sur G\u00e9oSAS,<\/li>\n<li>Les <a href=\"https:\/\/geosas.fr\/web\/?page_id=1346\" target=\"_blank\" rel=\"noopener\">portails th\u00e9matiques.\u00a0<\/a> Ils permettent d\u2019acc\u00e9der directement aux portails d\u00e9di\u00e9s aux diff\u00e9rents projets,<\/li>\n<li>Le <a href=\"https:\/\/geosas.fr\/mapfishapp\/\" target=\"_blank\" rel=\"noopener\">visualiseur<\/a>. Il permet de trouver, voir, cr\u00e9er, t\u00e9l\u00e9charger les donn\u00e9es cartographiques,<\/li>\n<li>Les <a href=\"https:\/\/geosas.fr\/web\/?page_id=3095\">services de calcul et de mod\u00e9lisation<\/a>.<\/li>\n<\/ul>\n<h6><b>G\u00e9oSAS en chiffre pour l&rsquo;ann\u00e9e 2025<\/b><\/h6>\n<ul>\n<li><a href=\"https:\/\/geosas.fr\/web\/?page_id=6673\"><strong>16<\/strong> projets de recherche<\/a>,<\/li>\n<li><a href=\"https:\/\/geosas.fr\/web\/?page_id=6730\"><strong>7<\/strong> observatoires<\/a>,<\/li>\n<li><a href=\"https:\/\/geosas.fr\/web\/?page_id=3095\"><strong>3<\/strong> services de mod\u00e9lisation<\/a>,<\/li>\n<li><a href=\"https:\/\/geosas.fr\/web\/?page_id=5274\"><strong>21<\/strong> Portails th\u00e9matiques<\/a>,<\/li>\n<li><a href=\"https:\/\/geosas.fr\/geonetwork\/srv\/fre\/catalog.search#\/home\"><strong>250<\/strong> jeux de donn\u00e9es dont 97 % ouverts<\/a>,<\/li>\n<li><strong>33 000<\/strong> utilisateurs diff\u00e9rents, 4800 en moyenne par mois,<\/li>\n<li><strong>30 000 000<\/strong> requ\u00eates,<\/li>\n<li><strong>130 000<\/strong> t\u00e9l\u00e9chargements<strong data-reactid=\".0.2.1.0.$\/=10.0.0.1.0.1.1\"><span data-reactid=\".0.2.1.0.$\/=10.0.0.1.0.1.1.0\">,<\/span><\/strong><\/li>\n<\/ul>\n<h6><strong>Bibliographie<\/strong><strong><br \/><\/strong><\/h6>\n<ul>\n<li>\n<div class=\"pub-meta\"><span class=\"authors\">Herv\u00e9 Squividant, Mario Adam, Mikael Faucheux, Oph\u00e9lie Fovet, Christophe Geneste, Tom Loree, Thierry Morvan, Laurent Ruiz, Zahra Thomas.<strong> SO FAIR \u2013 A generic tool for publishing observation data within an ecosystem of interoperable services. <\/strong><i>TERENO-OZCAR conference<\/i>, TERENO and OZCAR research networks, Sep 2023, Bonn, Germany. <a href=\"https:\/\/hal.inrae.fr\/hal-04236491\" target=\"_blank\" rel=\"noopener\">\u27e8hal-04236491\u27e9<\/a><\/span><\/div>\n<\/li>\n<li>\n<div class=\"pub-meta\"><span class=\"authors\">Herv\u00e9 Squividant, Florence Revelin (2021),<strong> \u00ab S\u2019hybrider sous le 4e paradigme de la \u201cscience dirig\u00e9e par les donn\u00e9es massives\u201d : l\u2019ouverture des donn\u00e9es favorise-t-elle l\u2019interdisciplinarit\u00e9 et la transdisciplinarit\u00e9 ? \u00bb<\/strong>, Communication, technologies et d\u00e9veloppement [En ligne], 9 | 2021, mis en ligne le 23 mars 2021. URL : <a href=\"http:\/\/journals.openedition.org\/ctd\/3791\">journals.openedition.org\/ctd\/3791<\/a><\/span><\/div>\n<\/li>\n<li>\n<div class=\"pub-meta\"><span class=\"authors\">Donatien Dallery, Herv\u00e9 Squividant, Alban de Lavenne ,Josette Launay &amp; Christophe Cudennec<\/span> <span class=\"date\">(2020)<\/span> <span class=\"art_title\"><strong><em>An end-user-friendly hydrological Web Service for hydrograph prediction in ungauged basins<\/em><\/strong>,<\/span> <span class=\"serial_title\">Hydrological Sciences Journal,<\/span> <span class=\"doi_link\">DOI: <a href=\"https:\/\/doi.org\/10.1080\/02626667.2020.1797045\" target=\"_blank\" rel=\"noopener\">10.1080\/02626667.2020.1797045<\/a><\/span>, 2020,<\/div>\n<\/li>\n<li>\n<div class=\"pub-meta\"><span class=\"authors\">Isabelle Braud, V\u00e9ronique Chaffard, Charly Coussot, Sylvie Galle, Patrick Juen, Hugues Alexandre, Philippe Baillion, Annick Battais, Brice Boudevillain, Flora Branger, Guillaume Brissebrat, R\u00e9mi Cailletaud, G\u00e9rard Cochonneau, R\u00e9my Decoupes, Jean-Christophe Desconnets, Arnaud Dubreuil, Juliette Fabre, Santiago Gabillard, Marie-Fran\u00e7oise G\u00e9rard, Sylvain Grellet, Agn\u00e8s Herrmann, Olivier Laarman, Eric Lajeunesse, Genevi\u00e8ve Le H\u00e9naff, Olivier Lobry, Antony Mauclerc, Jean-Baptiste Paroissien, Marie-Claire Pierret, Norbert Silvera &amp; Herv\u00e9 Squividant<\/span> <span class=\"date\">(2020)<\/span> <span class=\"art_title\"><strong><em>Building the information system of the French Critical Zone Observatories network: Theia\/OZCAR-IS<\/em><\/strong>,<\/span> <span class=\"serial_title\">Hydrological Sciences Journal,<\/span> <span class=\"doi_link\">DOI: <a href=\"https:\/\/doi.org\/10.1080\/02626667.2020.1764568\" target=\"_blank\" rel=\"noopener\">10.1080\/02626667.2020.1764568<\/a><\/span>, 2020,<\/div>\n<\/li>\n<li>Genevi\u00e8ve Le H\u00e9naff, Herv\u00e9 Squividant, Oph\u00e9lie Fovet, Mika\u00ebl Faucheux, Yannick Hamon, Nicolas Gillet, Arnaud Dubreuil, Laurent Ruiz <em><strong>\u00ab\u00a0De la mesure environnementale \u00e0 sa diffusion : mise en place d\u2019une cha\u00eene de traitement modulaire et g\u00e9n\u00e9rique pour les donn\u00e9es de l\u2019Observatoire de Recherche en Environnement AgrHyS<\/strong>.<\/em> <a href=\"https:\/\/www6.inrae.fr\/novae\/Les-Cahiers-parus\/Les-n-Speciaux-et-les-n-Thematiques\/Donnees-de-la-recherche-N-Thematique2\/Art10-ns-Donnees-de-la-recherche-2018\" target=\"_blank\" rel=\"noopener\">n\u00b0 sp\u00e9cial du Cahier des Techniques de l\u2019INRA consacr\u00e9 aux Donn\u00e9es de la recherche \u00e0 l\u2019INRA<\/a>, 2018,<\/li>\n<li>Bera, R., Squividant, H., Le Henaff, G., Pichelin, P., Ruiz, L., Launay, J., Vanhouteghem, J., Aurousseau, P., and Cudennec, C.: <em><strong>G\u00e9oSAS : A modular and interoperable Open Source Spatial Data Infrastructure for research<\/strong><\/em>, Proc. IAHS, 368, 9\u201314, <a href=\"https:\/\/doi.org\/10.5194\/piahs-368-9-2015\" target=\"_blank\" rel=\"noopener\">https:\/\/doi.org\/10.5194\/piahs-368-9-2015<\/a>, 2015,<\/li>\n<li>Squividant, H., B\u00e9ra, R., Aurousseau, P., and Cudennec, C., 2015. <em><strong>Online watershed boundary delineation: Sharing models through Spatial Data Infrastructures<\/strong><\/em>. 2015. PIAHS, 268, 144\u2013149, <a href=\"https:\/\/doi.org\/10.5194\/piahs-368-144-2015\" target=\"_blank\" rel=\"noopener\">https:\/\/doi.org\/10.5194\/piahs-368-144-2015,<\/a> 2015,<\/li>\n<li>Squividant, H., B\u00e9ra, R., Aurousseau, P., 2013.<strong> WPS Bassin Versant: un outil de mod\u00e9lisation hydrologique int\u00e9gr\u00e9 \u00e0 une infrastructure de donn\u00e9es spatiales.<\/strong> <a href=\"http:\/\/mappemonde-archive.mgm.fr\/num40\/fig13\/fig13402.html\" target=\"_blank\" rel=\"noopener\">Revue M@ppemonde n\u00b0112<\/a>. 2013.<\/li>\n<li>Vinatier, J.-M., Chafchafi, A., Barjeot, L., Toutain, B., Laroche, B., Arrouays, D. et Squividant, H., 2013.<strong> Websol : une plateforme Internet de diffusion <\/strong><strong>des donn\u00e9es p\u00e9dologiques.<\/strong> <a href=\"https:\/\/hal.archives-ouvertes.fr\/hal-01209115\">Etude et Gestion des Sols, 20 (3), pp.7-18<\/a>. 2013.<\/li>\n<\/ul>\n<h6>\u00a0<\/h6>\n<ul>\n<li>Plus d&rsquo;informations sur les productions scientifiques associ\u00e9es \u00e0 G\u00e9osas, consultez notre rubrique <a href=\"https:\/\/geosas.fr\/web\/?page_id=3367\">Vie Scientifique<\/a><\/li>\n<\/ul>\n<h6><strong>Distinction<br \/><\/strong><\/h6>\n<ul>\n<li><a href=\"http:\/\/mappemonde-archive.mgm.fr\/num40\/fig13\/intro_geo13.html\" target=\"_blank\" rel=\"noopener\">2\u00e8me prix du concours de G\u00e9ovisualisation et cartographies dynamiques<\/a> du Salon de la G\u00e9omatique &#8211; Festival International de G\u00e9ographie de Saint-Di\u00e9-des-Vosges 2013 pour <span style=\"color: #000000;\">WPS Bassin versant <\/span>: Un outil de mod\u00e9lisation hydrologique int\u00e9gr\u00e9 \u00e0 une infrastructure de donn\u00e9es spatiales, Herv\u00e9 Squividant, Roderic B\u00e9ra, Pierre Aurousseau.<\/li>\n<\/ul>\n\n\n<p><\/p>\n","protected":false},"excerpt":{"rendered":"<p>G\u00e9oSAS est le portail de l&rsquo;information g\u00e9ographique de l&rsquo;Unit\u00e9 Mixte de Recherche Sol Agro et hydrosyst\u00e8mes, Spatialisation (UMR SAS) INRAE &#8211; L&rsquo;Institut Agro sur les &hellip; <\/p>\n","protected":false},"author":1,"featured_media":0,"parent":0,"menu_order":0,"comment_status":"closed","ping_status":"closed","template":"","meta":{"footnotes":""},"class_list":["post-16","page","type-page","status-publish","hentry"],"yoast_head":"<!-- This site is optimized with the Yoast SEO plugin v24.7 - https:\/\/yoast.com\/wordpress\/plugins\/seo\/ -->\n<title>Pr\u00e9sentation - G\u00e9oSAS<\/title>\n<meta name=\"robots\" content=\"index, follow, max-snippet:-1, max-image-preview:large, max-video-preview:-1\" \/>\n<link rel=\"canonical\" href=\"https:\/\/geosas.fr\/web\/?page_id=16\" \/>\n<meta property=\"og:locale\" content=\"fr_FR\" \/>\n<meta property=\"og:type\" content=\"article\" \/>\n<meta property=\"og:title\" content=\"Pr\u00e9sentation - G\u00e9oSAS\" \/>\n<meta property=\"og:description\" content=\"G\u00e9oSAS est le portail de l&rsquo;information g\u00e9ographique de l&rsquo;Unit\u00e9 Mixte de Recherche Sol Agro et hydrosyst\u00e8mes, Spatialisation (UMR SAS) INRAE &#8211; L&rsquo;Institut Agro sur les &hellip;\" \/>\n<meta property=\"og:url\" content=\"https:\/\/geosas.fr\/web\/?page_id=16\" \/>\n<meta property=\"og:site_name\" content=\"G\u00e9oSAS\" \/>\n<meta property=\"article:modified_time\" content=\"2026-02-24T12:04:18+00:00\" \/>\n<meta property=\"og:image\" content=\"https:\/\/geosas.fr\/web\/wp-content\/uploads\/2021\/03\/cropped-Moyen-logo-BleuF-2.png\" \/>\n\t<meta property=\"og:image:width\" content=\"358\" \/>\n\t<meta property=\"og:image:height\" content=\"90\" \/>\n\t<meta property=\"og:image:type\" content=\"image\/png\" \/>\n<meta name=\"twitter:card\" content=\"summary_large_image\" \/>\n<meta name=\"twitter:label1\" content=\"Est. reading time\" \/>\n\t<meta name=\"twitter:data1\" content=\"4 minutes\" \/>\n<script type=\"application\/ld+json\" class=\"yoast-schema-graph\">{\"@context\":\"https:\/\/schema.org\",\"@graph\":[{\"@type\":\"WebPage\",\"@id\":\"https:\/\/geosas.fr\/web\/?page_id=16\",\"url\":\"https:\/\/geosas.fr\/web\/?page_id=16\",\"name\":\"Pr\u00e9sentation - G\u00e9oSAS\",\"isPartOf\":{\"@id\":\"https:\/\/geosas.fr\/web\/#website\"},\"datePublished\":\"2011-09-13T07:59:03+00:00\",\"dateModified\":\"2026-02-24T12:04:18+00:00\",\"breadcrumb\":{\"@id\":\"https:\/\/geosas.fr\/web\/?page_id=16#breadcrumb\"},\"inLanguage\":\"fr-FR\",\"potentialAction\":[{\"@type\":\"ReadAction\",\"target\":[\"https:\/\/geosas.fr\/web\/?page_id=16\"]}]},{\"@type\":\"BreadcrumbList\",\"@id\":\"https:\/\/geosas.fr\/web\/?page_id=16#breadcrumb\",\"itemListElement\":[{\"@type\":\"ListItem\",\"position\":1,\"name\":\"Home\",\"item\":\"https:\/\/geosas.fr\/web\/\"},{\"@type\":\"ListItem\",\"position\":2,\"name\":\"Pr\u00e9sentation\"}]},{\"@type\":\"WebSite\",\"@id\":\"https:\/\/geosas.fr\/web\/#website\",\"url\":\"https:\/\/geosas.fr\/web\/\",\"name\":\"G\u00e9oSAS\",\"description\":\"Portail de l&#039;information g\u00e9ographique de l&#039;UMR SAS - INRAE - Institut Agro\",\"publisher\":{\"@id\":\"https:\/\/geosas.fr\/web\/#organization\"},\"potentialAction\":[{\"@type\":\"SearchAction\",\"target\":{\"@type\":\"EntryPoint\",\"urlTemplate\":\"https:\/\/geosas.fr\/web\/?s={search_term_string}\"},\"query-input\":{\"@type\":\"PropertyValueSpecification\",\"valueRequired\":true,\"valueName\":\"search_term_string\"}}],\"inLanguage\":\"fr-FR\"},{\"@type\":\"Organization\",\"@id\":\"https:\/\/geosas.fr\/web\/#organization\",\"name\":\"G\u00e9oSAS\",\"url\":\"https:\/\/geosas.fr\/web\/\",\"logo\":{\"@type\":\"ImageObject\",\"inLanguage\":\"fr-FR\",\"@id\":\"https:\/\/geosas.fr\/web\/#\/schema\/logo\/image\/\",\"url\":\"https:\/\/geosas.fr\/web\/wp-content\/uploads\/2021\/03\/cropped-Moyen-logo-BleuF-2.png\",\"contentUrl\":\"https:\/\/geosas.fr\/web\/wp-content\/uploads\/2021\/03\/cropped-Moyen-logo-BleuF-2.png\",\"width\":358,\"height\":90,\"caption\":\"G\u00e9oSAS\"},\"image\":{\"@id\":\"https:\/\/geosas.fr\/web\/#\/schema\/logo\/image\/\"}}]}<\/script>\n<!-- \/ Yoast SEO plugin. -->","yoast_head_json":{"title":"Pr\u00e9sentation - G\u00e9oSAS","robots":{"index":"index","follow":"follow","max-snippet":"max-snippet:-1","max-image-preview":"max-image-preview:large","max-video-preview":"max-video-preview:-1"},"canonical":"https:\/\/geosas.fr\/web\/?page_id=16","og_locale":"fr_FR","og_type":"article","og_title":"Pr\u00e9sentation - G\u00e9oSAS","og_description":"G\u00e9oSAS est le portail de l&rsquo;information g\u00e9ographique de l&rsquo;Unit\u00e9 Mixte de Recherche Sol Agro et hydrosyst\u00e8mes, Spatialisation (UMR SAS) INRAE &#8211; L&rsquo;Institut Agro sur les &hellip;","og_url":"https:\/\/geosas.fr\/web\/?page_id=16","og_site_name":"G\u00e9oSAS","article_modified_time":"2026-02-24T12:04:18+00:00","og_image":[{"width":358,"height":90,"url":"https:\/\/geosas.fr\/web\/wp-content\/uploads\/2021\/03\/cropped-Moyen-logo-BleuF-2.png","type":"image\/png"}],"twitter_card":"summary_large_image","twitter_misc":{"Est. reading time":"4 minutes"},"schema":{"@context":"https:\/\/schema.org","@graph":[{"@type":"WebPage","@id":"https:\/\/geosas.fr\/web\/?page_id=16","url":"https:\/\/geosas.fr\/web\/?page_id=16","name":"Pr\u00e9sentation - G\u00e9oSAS","isPartOf":{"@id":"https:\/\/geosas.fr\/web\/#website"},"datePublished":"2011-09-13T07:59:03+00:00","dateModified":"2026-02-24T12:04:18+00:00","breadcrumb":{"@id":"https:\/\/geosas.fr\/web\/?page_id=16#breadcrumb"},"inLanguage":"fr-FR","potentialAction":[{"@type":"ReadAction","target":["https:\/\/geosas.fr\/web\/?page_id=16"]}]},{"@type":"BreadcrumbList","@id":"https:\/\/geosas.fr\/web\/?page_id=16#breadcrumb","itemListElement":[{"@type":"ListItem","position":1,"name":"Home","item":"https:\/\/geosas.fr\/web\/"},{"@type":"ListItem","position":2,"name":"Pr\u00e9sentation"}]},{"@type":"WebSite","@id":"https:\/\/geosas.fr\/web\/#website","url":"https:\/\/geosas.fr\/web\/","name":"G\u00e9oSAS","description":"Portail de l&#039;information g\u00e9ographique de l&#039;UMR SAS - INRAE - Institut Agro","publisher":{"@id":"https:\/\/geosas.fr\/web\/#organization"},"potentialAction":[{"@type":"SearchAction","target":{"@type":"EntryPoint","urlTemplate":"https:\/\/geosas.fr\/web\/?s={search_term_string}"},"query-input":{"@type":"PropertyValueSpecification","valueRequired":true,"valueName":"search_term_string"}}],"inLanguage":"fr-FR"},{"@type":"Organization","@id":"https:\/\/geosas.fr\/web\/#organization","name":"G\u00e9oSAS","url":"https:\/\/geosas.fr\/web\/","logo":{"@type":"ImageObject","inLanguage":"fr-FR","@id":"https:\/\/geosas.fr\/web\/#\/schema\/logo\/image\/","url":"https:\/\/geosas.fr\/web\/wp-content\/uploads\/2021\/03\/cropped-Moyen-logo-BleuF-2.png","contentUrl":"https:\/\/geosas.fr\/web\/wp-content\/uploads\/2021\/03\/cropped-Moyen-logo-BleuF-2.png","width":358,"height":90,"caption":"G\u00e9oSAS"},"image":{"@id":"https:\/\/geosas.fr\/web\/#\/schema\/logo\/image\/"}}]}},"_links":{"self":[{"href":"https:\/\/geosas.fr\/web\/index.php?rest_route=\/wp\/v2\/pages\/16","targetHints":{"allow":["GET"]}}],"collection":[{"href":"https:\/\/geosas.fr\/web\/index.php?rest_route=\/wp\/v2\/pages"}],"about":[{"href":"https:\/\/geosas.fr\/web\/index.php?rest_route=\/wp\/v2\/types\/page"}],"author":[{"embeddable":true,"href":"https:\/\/geosas.fr\/web\/index.php?rest_route=\/wp\/v2\/users\/1"}],"replies":[{"embeddable":true,"href":"https:\/\/geosas.fr\/web\/index.php?rest_route=%2Fwp%2Fv2%2Fcomments&post=16"}],"version-history":[{"count":25,"href":"https:\/\/geosas.fr\/web\/index.php?rest_route=\/wp\/v2\/pages\/16\/revisions"}],"predecessor-version":[{"id":6840,"href":"https:\/\/geosas.fr\/web\/index.php?rest_route=\/wp\/v2\/pages\/16\/revisions\/6840"}],"wp:attachment":[{"href":"https:\/\/geosas.fr\/web\/index.php?rest_route=%2Fwp%2Fv2%2Fmedia&parent=16"}],"curies":[{"name":"wp","href":"https:\/\/api.w.org\/{rel}","templated":true}]}}