{"id":119,"date":"2011-09-21T12:48:30","date_gmt":"2011-09-21T11:48:30","guid":{"rendered":"http:\/\/geowww.agrocampus-ouest.fr\/gene\/wp\/?page_id=119"},"modified":"2026-02-02T09:26:39","modified_gmt":"2026-02-02T08:26:39","slug":"wps","status":"publish","type":"page","link":"https:\/\/geosas.fr\/web\/?page_id=119","title":{"rendered":"MNTSurf"},"content":{"rendered":"<p>MNTsurf est un logiciel de traitements des Mod\u00e8les Num\u00e9riques de Terrain et de mod\u00e9lisation hydrologique d\u00e9ploy\u00e9 sous la forme d&rsquo;une API interop\u00e9rable conforme au standard OGC WPS, c&rsquo;est \u00e0 dire directement ex\u00e9cutable sur internet par diff\u00e9rents outils dans diff\u00e9rents contextes : logiciels SIG (ex: QGis), portails web, mod\u00e8les, &#8230;<\/p>\n<h6><strong>Objectifs<\/strong><\/h6>\n<ul>\n<li>D\u00e9velopper et d\u00e9ployer un <strong>service de mod\u00e9lisation hydrologique interop\u00e9rable<\/strong> conforme au standard OGC WPS sous la forme d&rsquo;une API (Aplication Programming Interface) proposant l\u2019ex\u00e9cution directement sur internet de fonctions de calcul du logiciel MNTSURF (contour de bassins versants, r\u00e9seau hydrographique mod\u00e9lis\u00e9, zones humides potentielles, variables d\u00e9riv\u00e9es hydrologiques&#8230;),<\/li>\n<li>D\u00e9velopper, d\u00e9ployer et partager des <strong>interfaces web<\/strong> proposant un acc\u00e8s simplifi\u00e9 \u00e0 l&rsquo;API MNTSurf afin de les int\u00e9grer \u00e0 diff\u00e9rents portails : G\u00e9oBretagne, G\u00e9oSAS, &#8230;<\/li>\n<\/ul>\n<h6>\u00a0<strong>Public cibl\u00e9<\/strong><\/h6>\n<ul>\n<li>Gestionnaires de bassins versants (SAGE, SCOTT, \u2026),<\/li>\n<li>Administrations r\u00e9gionales (DREAL, Bretagne Environnnement, \u2026),<\/li>\n<li>Agence de l\u2019eau, Agence Fran\u00e7aise pour la Biodiversit\u00e9,<\/li>\n<li>Scientifiques,<\/li>\n<\/ul>\n<h6>\u00a0\u00a0<strong>Partenaires<br \/>\n<\/strong><\/h6>\n<ul>\n<li>G\u00e9oBretagne, le partenariat breton des donn\u00e9es g\u00e9olocalis\u00e9es.<\/li>\n<\/ul>\n<h6>\u00a0<strong>Outils disponibles \u2013 R\u00e9alisations \u2013 Livrables num\u00e9riques<\/strong><\/h6>\n<ul>\n<li>L&rsquo;interface de la fonction \u00ab\u00a0bassin versant\u00a0\u00bb de l&rsquo;API MNTSurf est disponible sous la forme d&rsquo;une extension au <a href=\"https:\/\/geosas.fr\/mapfishapp\/\">visualiseur cartographie de G\u00e9oSAS<\/a><\/li>\n<\/ul>\n<p><a href=\"https:\/\/geosas.fr\/mapfishapp\/\" target=\"_blank\" rel=\"noopener\"><img loading=\"lazy\" decoding=\"async\" class=\"alignnone wp-image-2873 size-full\" src=\"https:\/\/geosas.fr\/web\/wp-content\/uploads\/2011\/09\/addon-WPS-english.jpg\" alt=\"\" width=\"1279\" height=\"866\" srcset=\"https:\/\/geosas.fr\/web\/wp-content\/uploads\/2011\/09\/addon-WPS-english.jpg 1279w, https:\/\/geosas.fr\/web\/wp-content\/uploads\/2011\/09\/addon-WPS-english-300x203.jpg 300w, https:\/\/geosas.fr\/web\/wp-content\/uploads\/2011\/09\/addon-WPS-english-1024x693.jpg 1024w, https:\/\/geosas.fr\/web\/wp-content\/uploads\/2011\/09\/addon-WPS-english-768x520.jpg 768w\" sizes=\"auto, (max-width: 1279px) 100vw, 1279px\" \/><\/a><\/p>\n<ul>\n<li>L&rsquo;interface de la fonction \u00ab\u00a0bassin versant\u00a0\u00bb de l&rsquo;API MNTSurf est \u00e9galement disponible sous la forme d&rsquo;une extension au <a href=\"https:\/\/geobretagne.fr\/mapfishapp\/\">visualiseur cartographique de G\u00e9oBretagne <\/a><\/li>\n<\/ul>\n<p><a href=\"https:\/\/geobretagne.fr\/mapfishapp\/\"><img loading=\"lazy\" decoding=\"async\" class=\"alignnone size-full wp-image-2874\" src=\"https:\/\/geosas.fr\/web\/wp-content\/uploads\/2011\/09\/mapfishapp-geobretagne.jpg\" alt=\"\" width=\"1280\" height=\"341\" srcset=\"https:\/\/geosas.fr\/web\/wp-content\/uploads\/2011\/09\/mapfishapp-geobretagne.jpg 1280w, https:\/\/geosas.fr\/web\/wp-content\/uploads\/2011\/09\/mapfishapp-geobretagne-300x80.jpg 300w, https:\/\/geosas.fr\/web\/wp-content\/uploads\/2011\/09\/mapfishapp-geobretagne-1024x273.jpg 1024w, https:\/\/geosas.fr\/web\/wp-content\/uploads\/2011\/09\/mapfishapp-geobretagne-768x205.jpg 768w\" sizes=\"auto, (max-width: 1280px) 100vw, 1280px\" \/><\/a><\/p>\n<ul>\n<li>L&rsquo;URL de l&rsquo;API MNTSurf : <a href=\"https:\/\/geosas.fr\/web\/?page_id=309\">https:\/\/geosas.fr\/web\/?page_id=309<\/a><\/li>\n<li><a href=\"https:\/\/geosas.fr\/geonetwork\/srv\/fre\/catalog.search#\/metadata\/2904d91f-4957-4921-a8c8-1ab6c19c6ec2\">La m\u00e9tadonn\u00e9e de service<\/a> de l&rsquo;API de mod\u00e9lisation MNTSurf,<\/li>\n<li><a href=\"https:\/\/github.com\/geosas\/wpsbv\" target=\"_blank\" rel=\"noopener\">Le code source<\/a> de l&rsquo;interface web sous la forme d&rsquo;une extension au visualiseur de l&rsquo;IDS geOrchestra.<\/li>\n<\/ul>\n<h6><strong>Documentation<br \/>\n<\/strong><\/h6>\n<ul>\n<li><a href=\"https:\/\/geosas.fr\/web\/?page_id=309\">API de mod\u00e9lisation MNTSurf<\/a><\/li>\n<li><a href=\"https:\/\/geosas.fr\/web\/?p=1216\">Outil \u00ab\u00a0Bassin Versant\u00a0\u00bb \u2013 Mode d\u2019emploi<\/a><\/li>\n<\/ul>\n<h6><strong>Rapport d\u2019utilisation de l&rsquo;API MNTSurf pour l\u2019ann\u00e9e 2025<\/strong><\/h6>\n<p><img loading=\"lazy\" decoding=\"async\" class=\"alignnone wp-image-6717 size-large\" src=\"https:\/\/geosas.fr\/web\/wp-content\/uploads\/2026\/02\/reporting-mntsurf-2025-1024x306.png\" alt=\"\" width=\"930\" height=\"278\" srcset=\"https:\/\/geosas.fr\/web\/wp-content\/uploads\/2026\/02\/reporting-mntsurf-2025-1024x306.png 1024w, https:\/\/geosas.fr\/web\/wp-content\/uploads\/2026\/02\/reporting-mntsurf-2025-300x90.png 300w, https:\/\/geosas.fr\/web\/wp-content\/uploads\/2026\/02\/reporting-mntsurf-2025-768x229.png 768w, https:\/\/geosas.fr\/web\/wp-content\/uploads\/2026\/02\/reporting-mntsurf-2025-1320x394.png 1320w, https:\/\/geosas.fr\/web\/wp-content\/uploads\/2026\/02\/reporting-mntsurf-2025.png 1326w\" sizes=\"auto, (max-width: 930px) 100vw, 930px\" \/><\/p>\n<h6><\/h6>\n<h6><strong>Calendrier<\/strong><\/h6>\n<ul>\n<li><em><strong>1992<\/strong><\/em> : D\u00e9but des d\u00e9veloppements du logiciel MNTSurf<\/li>\n<li><em><strong>2011<\/strong><\/em>: Ouverture de l&rsquo;API MNTSurf<\/li>\n<li><em><strong>2012<\/strong> <\/em>: D\u00e9ploiement de l&rsquo;extension MNTSurf \u00ab\u00a0Bassin versant\u00a0\u00bb sur le visualiseur de G\u00e9oSAS<\/li>\n<li><em><strong>2013<\/strong> <\/em>: D\u00e9ploiement de l&rsquo;extension MNTSurf \u00ab\u00a0Bassin versant\u00a0\u00bb sur le visualiseur de G\u00e9oBretagne<\/li>\n<li><em><strong>2019<\/strong><\/em> : Ouverture du service <a href=\"https:\/\/geosas.fr\/web\/?page_id=2461\">SIMFEN<\/a>, client de l&rsquo;API MNTSurf<\/li>\n<li><em><strong>2022<\/strong><\/em>\u00a0: Ouverture du service <a href=\"https:\/\/geosas.fr\/web\/?page_id=6203\">M\u00e9taTNT<\/a> , client de l&rsquo;API MNTSurf<\/li>\n<\/ul>\n<h6><strong>Ressources humaines<\/strong><\/h6>\n<ul>\n<li>Pierre Aurousseau, professeur, Agrocampus Ouest \u2013 UMR SAS,<\/li>\n<li>Herv\u00e9 Squividant, D\u00e9veloppements informatiques, Ing\u00e9nieur de Recherche, Agrocampus Ouest \u2013 UMR SAS.<\/li>\n<\/ul>\n<h6><strong>Prix<\/strong><\/h6>\n<ul>\n<li>L&rsquo;API MNTSurf et le WPS \u00ab\u00a0Bassin versant\u00a0\u00bb ont re\u00e7u le deuxi\u00e8me prix du <a href=\"https:\/\/geosas.fr\/web\/?p=1120\" target=\"_blank\" rel=\"noopener\">concours de g\u00e9ovisualisation et cartographie dynamique<\/a> organis\u00e9 dans le cadre du Salon de la G\u00e9omatique du Festival International de G\u00e9ographie de Saint-Di\u00e9-Les-Vosges en 2013.<\/li>\n<\/ul>\n<h6>\u00a0<strong>Bibliographie<br \/>\n<\/strong><\/h6>\n<ul>\n<li>Squividant, H., B\u00e9ra, R., Aurousseau, P., and Cudennec, C., 2015. Online watershed boundary delineation: Sharing models through Spatial Data Infrastructures. 2015. PIAHS, 268, 144\u2013149, <a href=\"https:\/\/doi.org\/10.5194\/piahs-368-144-2015\" target=\"_blank\" rel=\"noopener\">https:\/\/doi.org\/10.5194\/piahs-368-144-2015,<\/a><\/li>\n<li>Squividant H., B\u00e9ra R., Ruiz L., Aurousseau P., Cudennec C. Online watershed boundary delineation: sharing models through Spatial Data Infrastructures.\u00a0\u00a0\u00a0\u00a0\u00a0 3rd Remote Sensing and Hydrology Symposium. 3rd International Conference of GIS\/RS in Hydrology, Water Resources and Environment. Guangzhou, China, 24-27 August 2014. <a href=\"https:\/\/geosas.fr\/web\/wp-content\/uploads\/2011\/09\/posterA0-WPSBV-IAHS-20140812.pdf\" target=\"_blank\" rel=\"noopener\">Poster<\/a>,<\/li>\n<li>\n<div class=\"navaut\">Herv\u00e9 Squividant,\u00a0Roderic B\u00e9ra,\u00a0Pierre Aurousseau. WPS Bassin Versant: un outil de mod\u00e9lisation hydrologique int\u00e9gr\u00e9 \u00e0 une infrastructure de donn\u00e9es spatiales. <a href=\"https:\/\/geosas.fr\/web\/?p=1499\" target=\"_blank\" rel=\"noopener\">Revue Mappemonde n\u00b0112<\/a>, d\u00e9cembre 2013.<\/div>\n<\/li>\n<\/ul>\n","protected":false},"excerpt":{"rendered":"<p>MNTsurf est un logiciel de traitements des Mod\u00e8les Num\u00e9riques de Terrain et de mod\u00e9lisation hydrologique d\u00e9ploy\u00e9 sous la forme d&rsquo;une API interop\u00e9rable conforme au standard &hellip; <\/p>\n","protected":false},"author":1,"featured_media":2866,"parent":0,"menu_order":5,"comment_status":"closed","ping_status":"closed","template":"","meta":{"footnotes":""},"class_list":["post-119","page","type-page","status-publish","has-post-thumbnail","hentry"],"yoast_head":"<!-- This site is optimized with the Yoast SEO plugin v24.7 - https:\/\/yoast.com\/wordpress\/plugins\/seo\/ -->\n<title>MNTSurf - G\u00e9oSAS<\/title>\n<meta name=\"robots\" content=\"index, follow, max-snippet:-1, max-image-preview:large, max-video-preview:-1\" \/>\n<link rel=\"canonical\" href=\"https:\/\/geosas.fr\/web\/?page_id=119\" \/>\n<meta property=\"og:locale\" content=\"fr_FR\" \/>\n<meta property=\"og:type\" content=\"article\" \/>\n<meta property=\"og:title\" content=\"MNTSurf - G\u00e9oSAS\" \/>\n<meta property=\"og:description\" content=\"MNTsurf est un logiciel de traitements des Mod\u00e8les Num\u00e9riques de Terrain et de mod\u00e9lisation hydrologique d\u00e9ploy\u00e9 sous la forme d&rsquo;une API interop\u00e9rable conforme au standard &hellip;\" \/>\n<meta property=\"og:url\" content=\"https:\/\/geosas.fr\/web\/?page_id=119\" \/>\n<meta property=\"og:site_name\" content=\"G\u00e9oSAS\" \/>\n<meta property=\"article:modified_time\" content=\"2026-02-02T08:26:39+00:00\" \/>\n<meta property=\"og:image\" content=\"https:\/\/geosas.fr\/web\/wp-content\/uploads\/2011\/09\/mntsurf-wps-logo.png\" \/>\n\t<meta property=\"og:image:width\" content=\"250\" \/>\n\t<meta property=\"og:image:height\" content=\"250\" \/>\n\t<meta property=\"og:image:type\" content=\"image\/png\" \/>\n<meta name=\"twitter:card\" content=\"summary_large_image\" \/>\n<meta name=\"twitter:label1\" content=\"Est. reading time\" \/>\n\t<meta name=\"twitter:data1\" content=\"3 minutes\" \/>\n<script type=\"application\/ld+json\" class=\"yoast-schema-graph\">{\"@context\":\"https:\/\/schema.org\",\"@graph\":[{\"@type\":\"WebPage\",\"@id\":\"https:\/\/geosas.fr\/web\/?page_id=119\",\"url\":\"https:\/\/geosas.fr\/web\/?page_id=119\",\"name\":\"MNTSurf - G\u00e9oSAS\",\"isPartOf\":{\"@id\":\"https:\/\/geosas.fr\/web\/#website\"},\"primaryImageOfPage\":{\"@id\":\"https:\/\/geosas.fr\/web\/?page_id=119#primaryimage\"},\"image\":{\"@id\":\"https:\/\/geosas.fr\/web\/?page_id=119#primaryimage\"},\"thumbnailUrl\":\"https:\/\/geosas.fr\/web\/wp-content\/uploads\/2011\/09\/mntsurf-wps-logo.png\",\"datePublished\":\"2011-09-21T11:48:30+00:00\",\"dateModified\":\"2026-02-02T08:26:39+00:00\",\"breadcrumb\":{\"@id\":\"https:\/\/geosas.fr\/web\/?page_id=119#breadcrumb\"},\"inLanguage\":\"fr-FR\",\"potentialAction\":[{\"@type\":\"ReadAction\",\"target\":[\"https:\/\/geosas.fr\/web\/?page_id=119\"]}]},{\"@type\":\"ImageObject\",\"inLanguage\":\"fr-FR\",\"@id\":\"https:\/\/geosas.fr\/web\/?page_id=119#primaryimage\",\"url\":\"https:\/\/geosas.fr\/web\/wp-content\/uploads\/2011\/09\/mntsurf-wps-logo.png\",\"contentUrl\":\"https:\/\/geosas.fr\/web\/wp-content\/uploads\/2011\/09\/mntsurf-wps-logo.png\",\"width\":250,\"height\":250},{\"@type\":\"BreadcrumbList\",\"@id\":\"https:\/\/geosas.fr\/web\/?page_id=119#breadcrumb\",\"itemListElement\":[{\"@type\":\"ListItem\",\"position\":1,\"name\":\"Home\",\"item\":\"https:\/\/geosas.fr\/web\/\"},{\"@type\":\"ListItem\",\"position\":2,\"name\":\"MNTSurf\"}]},{\"@type\":\"WebSite\",\"@id\":\"https:\/\/geosas.fr\/web\/#website\",\"url\":\"https:\/\/geosas.fr\/web\/\",\"name\":\"G\u00e9oSAS\",\"description\":\"Portail de l&#039;information g\u00e9ographique et temporelle de l&#039;UMR SAS - INRAE - Institut Agro\",\"publisher\":{\"@id\":\"https:\/\/geosas.fr\/web\/#organization\"},\"potentialAction\":[{\"@type\":\"SearchAction\",\"target\":{\"@type\":\"EntryPoint\",\"urlTemplate\":\"https:\/\/geosas.fr\/web\/?s={search_term_string}\"},\"query-input\":{\"@type\":\"PropertyValueSpecification\",\"valueRequired\":true,\"valueName\":\"search_term_string\"}}],\"inLanguage\":\"fr-FR\"},{\"@type\":\"Organization\",\"@id\":\"https:\/\/geosas.fr\/web\/#organization\",\"name\":\"G\u00e9oSAS\",\"url\":\"https:\/\/geosas.fr\/web\/\",\"logo\":{\"@type\":\"ImageObject\",\"inLanguage\":\"fr-FR\",\"@id\":\"https:\/\/geosas.fr\/web\/#\/schema\/logo\/image\/\",\"url\":\"https:\/\/geosas.fr\/web\/wp-content\/uploads\/2021\/03\/cropped-Moyen-logo-BleuF-2.png\",\"contentUrl\":\"https:\/\/geosas.fr\/web\/wp-content\/uploads\/2021\/03\/cropped-Moyen-logo-BleuF-2.png\",\"width\":358,\"height\":90,\"caption\":\"G\u00e9oSAS\"},\"image\":{\"@id\":\"https:\/\/geosas.fr\/web\/#\/schema\/logo\/image\/\"}}]}<\/script>\n<!-- \/ Yoast SEO plugin. -->","yoast_head_json":{"title":"MNTSurf - G\u00e9oSAS","robots":{"index":"index","follow":"follow","max-snippet":"max-snippet:-1","max-image-preview":"max-image-preview:large","max-video-preview":"max-video-preview:-1"},"canonical":"https:\/\/geosas.fr\/web\/?page_id=119","og_locale":"fr_FR","og_type":"article","og_title":"MNTSurf - G\u00e9oSAS","og_description":"MNTsurf est un logiciel de traitements des Mod\u00e8les Num\u00e9riques de Terrain et de mod\u00e9lisation hydrologique d\u00e9ploy\u00e9 sous la forme d&rsquo;une API interop\u00e9rable conforme au standard &hellip;","og_url":"https:\/\/geosas.fr\/web\/?page_id=119","og_site_name":"G\u00e9oSAS","article_modified_time":"2026-02-02T08:26:39+00:00","og_image":[{"width":250,"height":250,"url":"https:\/\/geosas.fr\/web\/wp-content\/uploads\/2011\/09\/mntsurf-wps-logo.png","type":"image\/png"}],"twitter_card":"summary_large_image","twitter_misc":{"Est. reading time":"3 minutes"},"schema":{"@context":"https:\/\/schema.org","@graph":[{"@type":"WebPage","@id":"https:\/\/geosas.fr\/web\/?page_id=119","url":"https:\/\/geosas.fr\/web\/?page_id=119","name":"MNTSurf - G\u00e9oSAS","isPartOf":{"@id":"https:\/\/geosas.fr\/web\/#website"},"primaryImageOfPage":{"@id":"https:\/\/geosas.fr\/web\/?page_id=119#primaryimage"},"image":{"@id":"https:\/\/geosas.fr\/web\/?page_id=119#primaryimage"},"thumbnailUrl":"https:\/\/geosas.fr\/web\/wp-content\/uploads\/2011\/09\/mntsurf-wps-logo.png","datePublished":"2011-09-21T11:48:30+00:00","dateModified":"2026-02-02T08:26:39+00:00","breadcrumb":{"@id":"https:\/\/geosas.fr\/web\/?page_id=119#breadcrumb"},"inLanguage":"fr-FR","potentialAction":[{"@type":"ReadAction","target":["https:\/\/geosas.fr\/web\/?page_id=119"]}]},{"@type":"ImageObject","inLanguage":"fr-FR","@id":"https:\/\/geosas.fr\/web\/?page_id=119#primaryimage","url":"https:\/\/geosas.fr\/web\/wp-content\/uploads\/2011\/09\/mntsurf-wps-logo.png","contentUrl":"https:\/\/geosas.fr\/web\/wp-content\/uploads\/2011\/09\/mntsurf-wps-logo.png","width":250,"height":250},{"@type":"BreadcrumbList","@id":"https:\/\/geosas.fr\/web\/?page_id=119#breadcrumb","itemListElement":[{"@type":"ListItem","position":1,"name":"Home","item":"https:\/\/geosas.fr\/web\/"},{"@type":"ListItem","position":2,"name":"MNTSurf"}]},{"@type":"WebSite","@id":"https:\/\/geosas.fr\/web\/#website","url":"https:\/\/geosas.fr\/web\/","name":"G\u00e9oSAS","description":"Portail de l&#039;information g\u00e9ographique et temporelle de l&#039;UMR SAS - INRAE - Institut Agro","publisher":{"@id":"https:\/\/geosas.fr\/web\/#organization"},"potentialAction":[{"@type":"SearchAction","target":{"@type":"EntryPoint","urlTemplate":"https:\/\/geosas.fr\/web\/?s={search_term_string}"},"query-input":{"@type":"PropertyValueSpecification","valueRequired":true,"valueName":"search_term_string"}}],"inLanguage":"fr-FR"},{"@type":"Organization","@id":"https:\/\/geosas.fr\/web\/#organization","name":"G\u00e9oSAS","url":"https:\/\/geosas.fr\/web\/","logo":{"@type":"ImageObject","inLanguage":"fr-FR","@id":"https:\/\/geosas.fr\/web\/#\/schema\/logo\/image\/","url":"https:\/\/geosas.fr\/web\/wp-content\/uploads\/2021\/03\/cropped-Moyen-logo-BleuF-2.png","contentUrl":"https:\/\/geosas.fr\/web\/wp-content\/uploads\/2021\/03\/cropped-Moyen-logo-BleuF-2.png","width":358,"height":90,"caption":"G\u00e9oSAS"},"image":{"@id":"https:\/\/geosas.fr\/web\/#\/schema\/logo\/image\/"}}]}},"_links":{"self":[{"href":"https:\/\/geosas.fr\/web\/index.php?rest_route=\/wp\/v2\/pages\/119","targetHints":{"allow":["GET"]}}],"collection":[{"href":"https:\/\/geosas.fr\/web\/index.php?rest_route=\/wp\/v2\/pages"}],"about":[{"href":"https:\/\/geosas.fr\/web\/index.php?rest_route=\/wp\/v2\/types\/page"}],"author":[{"embeddable":true,"href":"https:\/\/geosas.fr\/web\/index.php?rest_route=\/wp\/v2\/users\/1"}],"replies":[{"embeddable":true,"href":"https:\/\/geosas.fr\/web\/index.php?rest_route=%2Fwp%2Fv2%2Fcomments&post=119"}],"version-history":[{"count":8,"href":"https:\/\/geosas.fr\/web\/index.php?rest_route=\/wp\/v2\/pages\/119\/revisions"}],"predecessor-version":[{"id":6722,"href":"https:\/\/geosas.fr\/web\/index.php?rest_route=\/wp\/v2\/pages\/119\/revisions\/6722"}],"wp:featuredmedia":[{"embeddable":true,"href":"https:\/\/geosas.fr\/web\/index.php?rest_route=\/wp\/v2\/media\/2866"}],"wp:attachment":[{"href":"https:\/\/geosas.fr\/web\/index.php?rest_route=%2Fwp%2Fv2%2Fmedia&parent=119"}],"curies":[{"name":"wp","href":"https:\/\/api.w.org\/{rel}","templated":true}]}}