{"id":103,"date":"2011-09-21T12:25:38","date_gmt":"2011-09-21T11:25:38","guid":{"rendered":"http:\/\/geowww.agrocampus-ouest.fr\/gene\/wp\/?page_id=103"},"modified":"2026-01-30T08:47:26","modified_gmt":"2026-01-30T07:47:26","slug":"vidae","status":"publish","type":"page","link":"https:\/\/geosas.fr\/web\/?page_id=103","title":{"rendered":"ORE AgrHyS"},"content":{"rendered":"<p><a href=\"https:\/\/www6.inra.fr\/ore_agrhys\" target=\"_blank\" rel=\"noopener\">AgrHyS<\/a> est un Observatoire de Recherche en Environnement (ORE) labellis\u00e9 par le Minist\u00e8re de la Recherche en 2002. Il a pour objectif d\u2019\u00e9tudier les temps de r\u00e9ponse des flux hydrog\u00e9ochimiques \u00e0 l&rsquo;\u00e9volution des agro-hydrosyst\u00e8mes sur les 2 sites de Plomelin dans le Finist\u00e8re et de Naizin dans le Morbihan depuis 1991.<\/p>\n<h6><strong>Objectifs<\/strong><\/h6>\n<ul>\n<li>Publier conform\u00e9ment \u00e0 la directive INSPIRE les <strong>donn\u00e9es g\u00e9ographiques<\/strong> produites sur les 2 sites de l&rsquo;observatoire,<\/li>\n<li>Proposer des services interop\u00e9rables de diffusion des <strong>s\u00e9ries temporelles<\/strong> produites dans le cadre de l&rsquo;observatoire,<\/li>\n<li>Proposer un <strong>portail cartographique d\u00e9di\u00e9<\/strong> \u00e0 l&rsquo;observatoire permettant la visualisation et le t\u00e9l\u00e9chargement des donn\u00e9es cartographiques et des s\u00e9ries temporelles acquises, expertis\u00e9es, archiv\u00e9es et publi\u00e9es.<\/li>\n<\/ul>\n<h6>\u00a0\u00a0<strong>Partenaires<br \/>\n<\/strong><\/h6>\n<ul>\n<li>L&rsquo;<strong>UMR LISAH<\/strong> de L&rsquo;INRA de Montpellier est la partenaire historique du projet VIDAE (VIsualisation de Donn\u00e9es Agro-Environnementales) initi\u00e9 en 2009 et financ\u00e9 par le d\u00e9partement<strong> Environnement &amp; Agronomie<\/strong> de l&rsquo;INRA,<\/li>\n<li>Le R\u00e9seau de Bassins Versant (<a href=\"https:\/\/www.allenvi.fr\/groupes-transversaux\/infrastructures-de-recherche\/reseau-des-bassins-versants\" target=\"_blank\" rel=\"noopener\">RBV<\/a>),<\/li>\n<li>L&rsquo;Observatoire de la Zone Critique : Applications &amp; Recherche (<a href=\"http:\/\/www.ozcar-ri.org\/\" target=\"_blank\" rel=\"noopener\">OZCAR<\/a>).<\/li>\n<\/ul>\n<h6>\u00a0<strong>Outils et donn\u00e9es disponibles<\/strong><\/h6>\n<p><a href=\"https:\/\/geosas.fr\/agrhys\/\"><img loading=\"lazy\" decoding=\"async\" class=\"alignnone wp-image-5460 size-large\" src=\"https:\/\/geosas.fr\/web\/wp-content\/uploads\/2022\/01\/agrhys-portailV2-1024x810.png\" alt=\"\" width=\"1024\" height=\"810\" srcset=\"https:\/\/geosas.fr\/web\/wp-content\/uploads\/2022\/01\/agrhys-portailV2-1024x810.png 1024w, https:\/\/geosas.fr\/web\/wp-content\/uploads\/2022\/01\/agrhys-portailV2-300x237.png 300w, https:\/\/geosas.fr\/web\/wp-content\/uploads\/2022\/01\/agrhys-portailV2-768x607.png 768w, https:\/\/geosas.fr\/web\/wp-content\/uploads\/2022\/01\/agrhys-portailV2-1536x1215.png 1536w, https:\/\/geosas.fr\/web\/wp-content\/uploads\/2022\/01\/agrhys-portailV2-1320x1044.png 1320w, https:\/\/geosas.fr\/web\/wp-content\/uploads\/2022\/01\/agrhys-portailV2.png 1706w\" sizes=\"auto, (max-width: 1024px) 100vw, 1024px\" \/><\/a><\/p>\n<ul>\n<li><a href=\"https:\/\/geosas.fr\/agrhys\/\">Interface du portail cartographique<\/a><strong><br \/>\n<\/strong><\/li>\n<li><a href=\"https:\/\/geosas.fr\/geonetwork\/srv\/fre\/catalog.search#\/search?any=agrhys\" target=\"_blank\" rel=\"noopener\">Donn\u00e9es cartographiques de l&rsquo;observatoire<\/a><\/li>\n<li><a href=\"https:\/\/geosas.fr\/agrhys\/\">VIDAE : Outil de visualisation et de t\u00e9l\u00e9chargement des s\u00e9ries temporelles<\/a><\/li>\n<li><a href=\"http:\/\/geowww.agrocampus-ouest.fr\/geoserver\/ore\/agrhys_donnees_hydro_jour\/wfs?service=wfs&amp;version=2.0.0&amp;request=GetCapabilities\" target=\"_blank\" rel=\"noopener\">Service de diffusion des donn\u00e9es hydrologiques journali\u00e8res<\/a><\/li>\n<\/ul>\n<h6><strong>Ressources humaines<\/strong><\/h6>\n<ul>\n<li><strong>Arnaud Dubreuil<\/strong>,\u00a0 d\u00e9veloppements informatiques et bases de donn\u00e9es, Ing\u00e9nieur d\u2019Etude, INRA \u2013 UMR LISAH,<\/li>\n<li><strong>Mika\u00ebl Faucheux,<\/strong> Acquisition et validation des donn\u00e9es,\u00a0 Ing\u00e9nieur d\u2019Etude, INRA \u2013 UMR SAS,<\/li>\n<li><strong>Oph\u00e9lie Fovet<\/strong>, responsable de l&rsquo;observatoire, Charg\u00e9e de Recherche en hydrologie,\u00a0 INRA UMR SAS,<\/li>\n<li><strong>Nicolas Gillet<\/strong>, Acquisition et validation des donn\u00e9es,\u00a0 Technicien de Recherche, INRA \u2013 UMR SAS,<\/li>\n<li><strong>Yannick Hamon<\/strong>,\u00a0Acquisition et validation des donn\u00e9es,\u00a0 Technicien de Recherche, INRA \u2013 UMR SAS,<\/li>\n<li><strong>Genevi\u00e8ve Le H\u00e9naff<\/strong>,\u00a0 d\u00e9veloppements informatiques et bases de donn\u00e9es, Ing\u00e9nieur d\u2019Etude, INRA \u2013 UMR SAS,<\/li>\n<li><strong>Laurent Ruiz<\/strong>, Ing\u00e9nieur de Recherche en hydrologie, INRA UMR SAS<\/li>\n<li><strong>Herv\u00e9 Squividant<\/strong>, coordination des d\u00e9veloppements informatiques, Ing\u00e9nieur de Recherche, Agrocampus Ouest \u2013 UMR SAS,<\/li>\n<\/ul>\n<h6><strong>Bibliographie<\/strong><\/h6>\n<ul>\n<li>Oph\u00e9lie Fovet, Laurent Ruiz, G\u00e9rard Gruau, Nouraya Akkal, Luc Aquilina, et al.. AgrHyS: An Observatory of Response Times in Agro-Hydro Systems. Vadose Zone Journal, Soil science society of America &#8211; Geological society of America., 2018, 17 (1), <a href=\"https:\/\/dx.doi.org\/10.2136\/vzj2018.04.0066\" target=\"_blank\" rel=\"noopener\">10.2136\/vzj2018.04.0066<\/a>. insu-01944377,<\/li>\n<li>Genevi\u00e8ve Le H\u00e9naff<sup>1<\/sup>, Herv\u00e9 Squividant<sup>2<\/sup>, Oph\u00e9lie Fovet<sup>1<\/sup>, Mika\u00ebl Faucheux<sup>1<\/sup>, Yannick Hamon<sup>1<\/sup>, Nicolas Gillet<sup>1<\/sup>, Arnaud Dubreuil<sup>3<\/sup>, Laurent Ruiz<sup>1<\/sup> \u00ab\u00a0<em>De la mesure environnementale \u00e0 sa diffusion : mise en place d\u2019une cha\u00eene de traitement modulaire et g\u00e9n\u00e9rique pour les donn\u00e9es de l\u2019Observatoire de Recherche en Environnement AgrHyS.<\/em> <a href=\"https:\/\/revue-novae.fr\/article\/view\/8805\" target=\"_blank\" rel=\"noopener\">n\u00b0 sp\u00e9cial du Cahier des Techniques de l&rsquo;INRA consacr\u00e9 aux Donn\u00e9es de la recherche \u00e0 l&rsquo;INRA<\/a>, 2018.<\/li>\n<\/ul>\n","protected":false},"excerpt":{"rendered":"<p>AgrHyS est un Observatoire de Recherche en Environnement (ORE) labellis\u00e9 par le Minist\u00e8re de la Recherche en 2002. Il a pour objectif d\u2019\u00e9tudier les temps &hellip; <\/p>\n","protected":false},"author":1,"featured_media":2782,"parent":0,"menu_order":1,"comment_status":"closed","ping_status":"closed","template":"","meta":{"footnotes":""},"class_list":["post-103","page","type-page","status-publish","has-post-thumbnail","hentry"],"yoast_head":"<!-- This site is optimized with the Yoast SEO plugin v24.7 - https:\/\/yoast.com\/wordpress\/plugins\/seo\/ -->\n<title>ORE AgrHyS - G\u00e9oSAS<\/title>\n<meta name=\"robots\" content=\"index, follow, max-snippet:-1, max-image-preview:large, max-video-preview:-1\" \/>\n<link rel=\"canonical\" href=\"https:\/\/geosas.fr\/web\/?page_id=103\" \/>\n<meta property=\"og:locale\" content=\"fr_FR\" \/>\n<meta property=\"og:type\" content=\"article\" \/>\n<meta property=\"og:title\" content=\"ORE AgrHyS - G\u00e9oSAS\" \/>\n<meta property=\"og:description\" content=\"AgrHyS est un Observatoire de Recherche en Environnement (ORE) labellis\u00e9 par le Minist\u00e8re de la Recherche en 2002. Il a pour objectif d\u2019\u00e9tudier les temps &hellip;\" \/>\n<meta property=\"og:url\" content=\"https:\/\/geosas.fr\/web\/?page_id=103\" \/>\n<meta property=\"og:site_name\" content=\"G\u00e9oSAS\" \/>\n<meta property=\"article:modified_time\" content=\"2026-01-30T07:47:26+00:00\" \/>\n<meta property=\"og:image\" content=\"https:\/\/geosas.fr\/web\/wp-content\/uploads\/2011\/09\/logo-agrhys.jpg\" \/>\n\t<meta property=\"og:image:width\" content=\"180\" \/>\n\t<meta property=\"og:image:height\" content=\"135\" \/>\n\t<meta property=\"og:image:type\" content=\"image\/jpeg\" \/>\n<meta name=\"twitter:card\" content=\"summary_large_image\" \/>\n<meta name=\"twitter:label1\" content=\"Est. reading time\" \/>\n\t<meta name=\"twitter:data1\" content=\"2 minutes\" \/>\n<script type=\"application\/ld+json\" class=\"yoast-schema-graph\">{\"@context\":\"https:\/\/schema.org\",\"@graph\":[{\"@type\":\"WebPage\",\"@id\":\"https:\/\/geosas.fr\/web\/?page_id=103\",\"url\":\"https:\/\/geosas.fr\/web\/?page_id=103\",\"name\":\"ORE AgrHyS - G\u00e9oSAS\",\"isPartOf\":{\"@id\":\"https:\/\/geosas.fr\/web\/#website\"},\"primaryImageOfPage\":{\"@id\":\"https:\/\/geosas.fr\/web\/?page_id=103#primaryimage\"},\"image\":{\"@id\":\"https:\/\/geosas.fr\/web\/?page_id=103#primaryimage\"},\"thumbnailUrl\":\"https:\/\/geosas.fr\/web\/wp-content\/uploads\/2011\/09\/logo-agrhys.jpg\",\"datePublished\":\"2011-09-21T11:25:38+00:00\",\"dateModified\":\"2026-01-30T07:47:26+00:00\",\"breadcrumb\":{\"@id\":\"https:\/\/geosas.fr\/web\/?page_id=103#breadcrumb\"},\"inLanguage\":\"fr-FR\",\"potentialAction\":[{\"@type\":\"ReadAction\",\"target\":[\"https:\/\/geosas.fr\/web\/?page_id=103\"]}]},{\"@type\":\"ImageObject\",\"inLanguage\":\"fr-FR\",\"@id\":\"https:\/\/geosas.fr\/web\/?page_id=103#primaryimage\",\"url\":\"https:\/\/geosas.fr\/web\/wp-content\/uploads\/2011\/09\/logo-agrhys.jpg\",\"contentUrl\":\"https:\/\/geosas.fr\/web\/wp-content\/uploads\/2011\/09\/logo-agrhys.jpg\",\"width\":180,\"height\":135,\"caption\":\"Observatoire de Recherche en Environnement (ORE) pour l\u2019\u00e9tude des temps de r\u00e9ponse des flux hydrog\u00e9ochimiques \u00e0 l\u2019\u00e9volution des agro-hydrosyst\u00e8mes\"},{\"@type\":\"BreadcrumbList\",\"@id\":\"https:\/\/geosas.fr\/web\/?page_id=103#breadcrumb\",\"itemListElement\":[{\"@type\":\"ListItem\",\"position\":1,\"name\":\"Home\",\"item\":\"https:\/\/geosas.fr\/web\/\"},{\"@type\":\"ListItem\",\"position\":2,\"name\":\"ORE AgrHyS\"}]},{\"@type\":\"WebSite\",\"@id\":\"https:\/\/geosas.fr\/web\/#website\",\"url\":\"https:\/\/geosas.fr\/web\/\",\"name\":\"G\u00e9oSAS\",\"description\":\"Portail de l&#039;information g\u00e9ographique de l&#039;UMR SAS - INRAE - Institut Agro\",\"publisher\":{\"@id\":\"https:\/\/geosas.fr\/web\/#organization\"},\"potentialAction\":[{\"@type\":\"SearchAction\",\"target\":{\"@type\":\"EntryPoint\",\"urlTemplate\":\"https:\/\/geosas.fr\/web\/?s={search_term_string}\"},\"query-input\":{\"@type\":\"PropertyValueSpecification\",\"valueRequired\":true,\"valueName\":\"search_term_string\"}}],\"inLanguage\":\"fr-FR\"},{\"@type\":\"Organization\",\"@id\":\"https:\/\/geosas.fr\/web\/#organization\",\"name\":\"G\u00e9oSAS\",\"url\":\"https:\/\/geosas.fr\/web\/\",\"logo\":{\"@type\":\"ImageObject\",\"inLanguage\":\"fr-FR\",\"@id\":\"https:\/\/geosas.fr\/web\/#\/schema\/logo\/image\/\",\"url\":\"https:\/\/geosas.fr\/web\/wp-content\/uploads\/2021\/03\/cropped-Moyen-logo-BleuF-2.png\",\"contentUrl\":\"https:\/\/geosas.fr\/web\/wp-content\/uploads\/2021\/03\/cropped-Moyen-logo-BleuF-2.png\",\"width\":358,\"height\":90,\"caption\":\"G\u00e9oSAS\"},\"image\":{\"@id\":\"https:\/\/geosas.fr\/web\/#\/schema\/logo\/image\/\"}}]}<\/script>\n<!-- \/ Yoast SEO plugin. -->","yoast_head_json":{"title":"ORE AgrHyS - G\u00e9oSAS","robots":{"index":"index","follow":"follow","max-snippet":"max-snippet:-1","max-image-preview":"max-image-preview:large","max-video-preview":"max-video-preview:-1"},"canonical":"https:\/\/geosas.fr\/web\/?page_id=103","og_locale":"fr_FR","og_type":"article","og_title":"ORE AgrHyS - G\u00e9oSAS","og_description":"AgrHyS est un Observatoire de Recherche en Environnement (ORE) labellis\u00e9 par le Minist\u00e8re de la Recherche en 2002. Il a pour objectif d\u2019\u00e9tudier les temps &hellip;","og_url":"https:\/\/geosas.fr\/web\/?page_id=103","og_site_name":"G\u00e9oSAS","article_modified_time":"2026-01-30T07:47:26+00:00","og_image":[{"width":180,"height":135,"url":"https:\/\/geosas.fr\/web\/wp-content\/uploads\/2011\/09\/logo-agrhys.jpg","type":"image\/jpeg"}],"twitter_card":"summary_large_image","twitter_misc":{"Est. reading time":"2 minutes"},"schema":{"@context":"https:\/\/schema.org","@graph":[{"@type":"WebPage","@id":"https:\/\/geosas.fr\/web\/?page_id=103","url":"https:\/\/geosas.fr\/web\/?page_id=103","name":"ORE AgrHyS - G\u00e9oSAS","isPartOf":{"@id":"https:\/\/geosas.fr\/web\/#website"},"primaryImageOfPage":{"@id":"https:\/\/geosas.fr\/web\/?page_id=103#primaryimage"},"image":{"@id":"https:\/\/geosas.fr\/web\/?page_id=103#primaryimage"},"thumbnailUrl":"https:\/\/geosas.fr\/web\/wp-content\/uploads\/2011\/09\/logo-agrhys.jpg","datePublished":"2011-09-21T11:25:38+00:00","dateModified":"2026-01-30T07:47:26+00:00","breadcrumb":{"@id":"https:\/\/geosas.fr\/web\/?page_id=103#breadcrumb"},"inLanguage":"fr-FR","potentialAction":[{"@type":"ReadAction","target":["https:\/\/geosas.fr\/web\/?page_id=103"]}]},{"@type":"ImageObject","inLanguage":"fr-FR","@id":"https:\/\/geosas.fr\/web\/?page_id=103#primaryimage","url":"https:\/\/geosas.fr\/web\/wp-content\/uploads\/2011\/09\/logo-agrhys.jpg","contentUrl":"https:\/\/geosas.fr\/web\/wp-content\/uploads\/2011\/09\/logo-agrhys.jpg","width":180,"height":135,"caption":"Observatoire de Recherche en Environnement (ORE) pour l\u2019\u00e9tude des temps de r\u00e9ponse des flux hydrog\u00e9ochimiques \u00e0 l\u2019\u00e9volution des agro-hydrosyst\u00e8mes"},{"@type":"BreadcrumbList","@id":"https:\/\/geosas.fr\/web\/?page_id=103#breadcrumb","itemListElement":[{"@type":"ListItem","position":1,"name":"Home","item":"https:\/\/geosas.fr\/web\/"},{"@type":"ListItem","position":2,"name":"ORE AgrHyS"}]},{"@type":"WebSite","@id":"https:\/\/geosas.fr\/web\/#website","url":"https:\/\/geosas.fr\/web\/","name":"G\u00e9oSAS","description":"Portail de l&#039;information g\u00e9ographique de l&#039;UMR SAS - INRAE - Institut Agro","publisher":{"@id":"https:\/\/geosas.fr\/web\/#organization"},"potentialAction":[{"@type":"SearchAction","target":{"@type":"EntryPoint","urlTemplate":"https:\/\/geosas.fr\/web\/?s={search_term_string}"},"query-input":{"@type":"PropertyValueSpecification","valueRequired":true,"valueName":"search_term_string"}}],"inLanguage":"fr-FR"},{"@type":"Organization","@id":"https:\/\/geosas.fr\/web\/#organization","name":"G\u00e9oSAS","url":"https:\/\/geosas.fr\/web\/","logo":{"@type":"ImageObject","inLanguage":"fr-FR","@id":"https:\/\/geosas.fr\/web\/#\/schema\/logo\/image\/","url":"https:\/\/geosas.fr\/web\/wp-content\/uploads\/2021\/03\/cropped-Moyen-logo-BleuF-2.png","contentUrl":"https:\/\/geosas.fr\/web\/wp-content\/uploads\/2021\/03\/cropped-Moyen-logo-BleuF-2.png","width":358,"height":90,"caption":"G\u00e9oSAS"},"image":{"@id":"https:\/\/geosas.fr\/web\/#\/schema\/logo\/image\/"}}]}},"_links":{"self":[{"href":"https:\/\/geosas.fr\/web\/index.php?rest_route=\/wp\/v2\/pages\/103","targetHints":{"allow":["GET"]}}],"collection":[{"href":"https:\/\/geosas.fr\/web\/index.php?rest_route=\/wp\/v2\/pages"}],"about":[{"href":"https:\/\/geosas.fr\/web\/index.php?rest_route=\/wp\/v2\/types\/page"}],"author":[{"embeddable":true,"href":"https:\/\/geosas.fr\/web\/index.php?rest_route=\/wp\/v2\/users\/1"}],"replies":[{"embeddable":true,"href":"https:\/\/geosas.fr\/web\/index.php?rest_route=%2Fwp%2Fv2%2Fcomments&post=103"}],"version-history":[{"count":7,"href":"https:\/\/geosas.fr\/web\/index.php?rest_route=\/wp\/v2\/pages\/103\/revisions"}],"predecessor-version":[{"id":6716,"href":"https:\/\/geosas.fr\/web\/index.php?rest_route=\/wp\/v2\/pages\/103\/revisions\/6716"}],"wp:featuredmedia":[{"embeddable":true,"href":"https:\/\/geosas.fr\/web\/index.php?rest_route=\/wp\/v2\/media\/2782"}],"wp:attachment":[{"href":"https:\/\/geosas.fr\/web\/index.php?rest_route=%2Fwp%2Fv2%2Fmedia&parent=103"}],"curies":[{"name":"wp","href":"https:\/\/api.w.org\/{rel}","templated":true}]}}